{"id":3421,"date":"2025-11-18T13:57:31","date_gmt":"2025-11-18T12:57:31","guid":{"rendered":"https:\/\/www.fiestapobleespanyol.com\/avviso-legale\/"},"modified":"2026-01-14T13:57:14","modified_gmt":"2026-01-14T12:57:14","slug":"avviso-legale","status":"publish","type":"page","link":"https:\/\/www.fiestapobleespanyol.com\/it\/avviso-legale\/","title":{"rendered":"Avviso legale"},"content":{"rendered":"<div class=\"fusion-fullwidth fullwidth-box fusion-builder-row-1 fusion-flex-container has-pattern-background has-mask-background nonhundred-percent-fullwidth non-hundred-percent-height-scrolling\" style=\"--awb-border-radius-top-left:0px;--awb-border-radius-top-right:0px;--awb-border-radius-bottom-right:0px;--awb-border-radius-bottom-left:0px;--awb-padding-left:10px;--awb-flex-wrap:wrap;\" ><div class=\"fusion-builder-row fusion-row fusion-flex-align-items-flex-start fusion-flex-content-wrap\" style=\"max-width:2496px;margin-left: calc(-4% \/ 2 );margin-right: calc(-4% \/ 2 );\"><div class=\"fusion-layout-column fusion_builder_column fusion-builder-column-0 fusion_builder_column_1_1 1_1 fusion-flex-column\" style=\"--awb-bg-size:cover;--awb-width-large:100%;--awb-margin-top-large:0px;--awb-spacing-right-large:1.92%;--awb-margin-bottom-large:20px;--awb-spacing-left-large:1.92%;--awb-width-medium:100%;--awb-order-medium:0;--awb-spacing-right-medium:1.92%;--awb-spacing-left-medium:1.92%;--awb-width-small:100%;--awb-order-small:0;--awb-spacing-right-small:1.92%;--awb-spacing-left-small:1.92%;\"><div class=\"fusion-column-wrapper fusion-column-has-shadow fusion-flex-justify-content-flex-start fusion-content-layout-column\"><div class=\"fusion-text fusion-text-1\"><h1>AVVISO LEGALE<\/h1>\n<p><strong>0. OGGETTO E ACCETTAZIONE<\/strong><\/p>\n<p>Questa informativa legale disciplina l\u2019uso del sito web <a href=\"https:\/\/tickets.pleisure.pro\/it\/\" target=\"_blank\" rel=\"noopener\">https:\/\/tickets.pleisure.pro\/it\/<\/a>, di propriet\u00e0 di Pemsa Leisure Sociedad Limitada (di seguito, PLEISURE).<\/p>\n<p>Navigare sul sito PLEISURE conferisce lo status di utente e implica l\u2019accettazione piena e incondizionata di tutte le disposizioni incluse in questa Informativa Legale, che possono essere soggette a modifiche.<\/p>\n<p>L\u2019utente si impegna a utilizzare il sito nel rispetto della legge, in buona fede, nell\u2019ordine pubblico, secondo le pratiche commerciali e quanto previsto dalla presente Informativa Legale. L\u2019utente sar\u00e0 responsabile nei confronti di PLEISURE o di terzi per eventuali danni o perdite derivanti dal mancato rispetto di tale obbligo.<\/p>\n<p><strong>1. IDENTIFICAZIONE E COMUNICAZIONE<\/strong><\/p>\n<p>Conformemente alla legge 34\/2002 dell\u201911 luglio sui Servizi della Societ\u00e0 dell\u2019Informazione e il Commercio Elettronico, PLEISURE informa che:<\/p>\n<p>Ragione sociale: Pemsa Leisure Sociedad Limitada<\/p>\n<p>Codice fiscale (CIF): B66144601<\/p>\n<p>Sede legale: AVDA FRANCESC FERRER I GUARDIA, N. 13, 08038 BARCELLONA<\/p>\n<p>Dati di registrazione: Registro delle imprese di Barcellona, numero di iscrizione 1, tomo 44051, foglio 121, sezione, pagina 445747.<\/p>\n<p>Per contattarci, sono disponibili i seguenti mezzi:<\/p>\n<p>Telefono: 34 93 508 63 00<\/p>\n<p>Email: info@pleisure.pro<\/p>\n<p>Tutte le notifiche e comunicazioni tra utenti e PLEISURE si considerano valide se effettuate tramite posta o altri mezzi indicati sopra.<\/p>\n<p><strong>2. CONDIZIONI DI ACCESSO E UTILIZZO<\/strong><\/p>\n<p>Il sito web e i suoi servizi sono liberamente accessibili. Tuttavia, PLEISURE pu\u00f2 subordinare l\u2019uso di alcuni servizi alla compilazione preventiva del modulo corrispondente.<\/p>\n<p>L\u2019utente garantisce l\u2019autenticit\u00e0 e l\u2019aggiornamento dei dati forniti a PLEISURE e sar\u00e0 l\u2019unico responsabile per qualsiasi dichiarazione falsa o inaccurata.<\/p>\n<p>L\u2019utente si impegna espressamente a utilizzare in modo appropriato i contenuti e servizi di PLEISURE e a non utilizzarli, tra l\u2019altro, per:<\/p>\n<p>a) Diffondere contenuti illegali, violenti, pornografici, razzisti, xenofobi, offensivi o che promuovano il terrorismo o, in generale, contrari alla legge o all\u2019ordine pubblico.<\/p>\n<p>b) Introdurre virus informatici o realizzare azioni che possano alterare, danneggiare, interrompere o causare errori o danni a documenti elettronici, dati o sistemi fisici e logici di PLEISURE o di terzi; nonch\u00e9 ostacolare l\u2019accesso di altri utenti al sito o ai suoi servizi mediante consumo eccessivo di risorse informatiche.<\/p>\n<p>c) Tentare di accedere alle caselle di posta elettronica di altri utenti o ad aree riservate dei sistemi informatici di PLEISURE o di terzi e, se possibile, estrarre informazioni.<\/p>\n<p>d) Violare diritti di propriet\u00e0 intellettuale o industriale nonch\u00e9 la riservatezza delle informazioni di PLEISURE o di terzi.<\/p>\n<p>e) Usurpare l\u2019identit\u00e0 di un altro utente, autorit\u00e0 pubbliche o terzi.<\/p>\n<p>f) Riprodurre, copiare, distribuire, mettere a disposizione, comunicare pubblicamente, trasformare o modificare i contenuti, salvo autorizzazione del titolare dei diritti o disposizione di legge.<\/p>\n<p>g) Raccogliere dati per fini pubblicitari o inviare qualsiasi pubblicit\u00e0 o comunicazione commerciale senza richiesta o consenso previo.<\/p>\n<p>Tutti i contenuti del sito web, come testi, fotografie, grafica, immagini, icone, tecnologie, software, cos\u00ec come il loro design grafico e codice sorgente, sono di propriet\u00e0 di PLEISURE. Nessun diritto di sfruttamento \u00e8 concesso all\u2019utente oltre quanto strettamente necessario all\u2019uso corretto del sito.<\/p>\n<p>Gli utenti possono consultare i contenuti e, se necessario, eseguire copie private autorizzate, a condizione di non divulgarle a terzi, non installarle su server collegati a reti e non sfruttarle in alcun modo.<\/p>\n<p>Tutti i marchi, nomi commerciali o segni distintivi presenti sul sito sono di propriet\u00e0 di PLEISURE, e il loro utilizzo o accesso non conferisce alcun diritto agli utenti.<\/p>\n<p>La distribuzione, modifica, cessione, comunicazione pubblica dei contenuti o qualsiasi azione non espressamente autorizzata dal titolare dei diritti \u00e8 vietata.<\/p>\n<p>La creazione di un collegamento ipertestuale non implica alcun rapporto tra Pemsa Leisure Sociedad Limitada e il proprietario del sito n\u00e9 l\u2019accettazione o approvazione dei suoi contenuti. \u00c8 necessaria l\u2019autorizzazione scritta preventiva di PLEISURE. Il collegamento ipertestuale deve indirizzare solo alla home page ed evitare dichiarazioni false, inaccurate o illegali su PLEISURE.<\/p>\n<p>PLEISURE non \u00e8 responsabile dell\u2019uso che gli utenti fanno dei documenti forniti sul sito n\u00e9 delle azioni basate su di essi.<\/p>\n<p><strong>3. ESCLUSIONE DI GARANZIE E RESPONSABILIT\u00c0<\/strong><\/p>\n<p>Il contenuto di questo sito ha natura generale e puramente informativa. Non sono garantiti la completezza, accuratezza, attualit\u00e0 o adeguatezza a uno scopo specifico.<\/p>\n<p>Nella misura consentita dalla legge, PLEISURE declina qualsiasi responsabilit\u00e0 per danni derivanti da:<\/p>\n<p>a) Impossibilit\u00e0 di accedere al sito o inesattezza, incompletezza o obsolescenza dei contenuti, nonch\u00e9 eventuali difetti nei contenuti trasmessi, memorizzati o messi a disposizione.<\/p>\n<p>b) Presenza di virus o altri elementi che possano alterare sistemi informatici, documenti elettronici o dati degli utenti.<\/p>\n<p>c) Mancato rispetto delle leggi, buona fede, ordine pubblico, usi commerciali e presente informativa a seguito di uso scorretto del sito. PLEISURE non \u00e8 responsabile delle azioni di terzi che violano diritti di propriet\u00e0 intellettuale, segreti aziendali, diritti all\u2019onore, alla privacy o all\u2019immagine, n\u00e9 regolamenti sulla concorrenza sleale o pubblicit\u00e0 illecita.<\/p>\n<p>PLEISURE non \u00e8 responsabile delle informazioni esterne al sito o non gestite direttamente dal nostro webmaster. I collegamenti servono solo a informare l\u2019utente. PLEISURE non garantisce il funzionamento o accessibilit\u00e0 dei siti collegati e non \u00e8 responsabile dei collegamenti di terzi.<\/p>\n<p><strong>4. POLITICA SULLA PRIVACY<\/strong><\/p>\n<p><strong>4.1. Chi \u00e8 il responsabile del trattamento dei dati?<\/strong><\/p>\n<p>Conformemente al Regolamento (UE) 2016\/679 e alla Legge Organica 3\/2018 del 5 dicembre sulla protezione dei dati personali e sui diritti digitali, il responsabile del trattamento \u00e8 identificato nella Sezione 1 di questa Informativa Legale.<\/p>\n<p>Tipologie di dati e origine:<\/p>\n<p>Trattiamo le seguenti categorie di dati personali di clienti e fornitori:<\/p>\n<ol>\n<li>Dati identificativi<\/li>\n<li>Indirizzi postali o email<\/li>\n<li>Informazioni commerciali<\/li>\n<li>Dati economici e transazioni<\/li>\n<\/ol>\n<p><strong>4.2. Trattiamo dati sensibili?<\/strong><\/p>\n<p>Tutti i dati provengono direttamente da voi tramite offerte commerciali, proposte contrattuali o dalla vostra azienda fornitrice delle informazioni necessarie. \u00c8 necessario comunicarci eventuali aggiornamenti.<\/p>\n<p><strong>4.3. Finalit\u00e0 del trattamento dei dati<\/strong><\/p>\n<p>Utilizziamo i dati per gestire vendite, post-vendita, gestione fornitori, qualit\u00e0 del servizio, ecc., in particolare:<\/p>\n<p>I. Invio di informazioni richieste tramite modulo di contatto o altri mezzi,<\/p>\n<p>II. Fornitura di offerte di prodotti e servizi a clienti potenziali e attuali,<\/p>\n<p>III. Gestione amministrativa, fiscale e contabile di clienti o fornitori,<\/p>\n<p>IV. Esecuzione di sondaggi, studi di mercato, ecc., per offrire servizi e qualit\u00e0 ottimali.<\/p>\n<p><strong>4.4. Durata della conservazione<\/strong><\/p>\n<p>I dati raccolti tramite moduli o da clienti\/fornitori sono conservati fino a richiesta di cancellazione. I dati dei clienti\/fornitori sono conservati finch\u00e9 persiste il rapporto commerciale, rispettando i termini legali minimi.<\/p>\n<p>Possiamo conservare i dati finch\u00e9 necessario per rispondere a richieste, risolvere problemi, migliorare i servizi, avviare nuovi servizi e rispettare la legge. Successivamente i dati saranno cancellati.<\/p>\n<p><strong>4.5. Base giuridica del trattamento<\/strong><\/p>\n<p>Secondo il tipo di trattamento, la base giuridica \u00e8:<\/p>\n<p>In primo luogo, sar\u00e0 effettuata una gestione contabile, che comprende la fatturazione e l\u2019acquisto di biglietti, nonch\u00e9 i rapporti con clienti e fornitori. Tale trattamento si basa sul mantenimento, sviluppo e controllo del rapporto contrattuale esistente tra le parti.<\/p>\n<p>Allo stesso modo, i dati potranno essere utilizzati per la gestione fiscale, comprendendo l\u2019applicazione di ritenute, agevolazioni o altri obblighi fiscali. La base giuridica di tale trattamento \u00e8 costituita sia dal mantenimento del rapporto contrattuale sia dall\u2019adempimento degli obblighi di legge applicabili.<\/p>\n<p>Inoltre, sar\u00e0 svolta una gestione amministrativa che include attivit\u00e0 di logistica, magazzinaggio, consegna dei prodotti al cliente e ricezione delle merci. Anche questo trattamento \u00e8 legittimato dal mantenimento, sviluppo e controllo del rapporto contrattuale.<\/p>\n<p>Infine, i dati potranno essere trattati per finalit\u00e0 di marketing, consistenti nell\u2019invio di comunicazioni commerciali relative a prodotti o servizi, rivolte ai soci o alle persone che abbiano precedentemente richiesto informazioni, inclusa la realizzazione di indagini di soddisfazione e la comunicazione di attivit\u00e0 culturali proprie di Pemsa Leisure Sociedad Limitada. Tale trattamento si basa sul consenso libero, specifico e inequivocabile dell\u2019interessato.<\/p>\n<p>Si informa espressamente che la revoca del consenso alle attivit\u00e0 di marketing non pregiudicher\u00e0 in alcun caso l\u2019esecuzione del contratto eventualmente in essere tra le parti. Inoltre, il trattamento potr\u00e0 basarsi sul legittimo interesse della societ\u00e0 alla promozione e commercializzazione di prodotti o servizi simili a quelli precedentemente acquistati o richiesti dagli interessati.<\/p>\n<p>se non fornite i vostri dati personali, il contratto non pu\u00f2 essere eseguito n\u00e9 gli obblighi legali rispettati.<\/p>\n<p><strong>4.6. Destinatari dei dati<\/strong><\/p>\n<p>I dati non saranno comunicati a terzi per marketing diretto senza consenso espresso. Possiamo condividere dati con autorit\u00e0 pubbliche o organismi competenti quando richiesto dalla legge o necessario per tutelare i diritti dell\u2019azienda o dei suoi clienti.<\/p>\n<p>I dati possono anche essere condivisi con fornitori di servizi che aiutano a gestire il sito o servizi contrattati (supporto IT, logistica, contabilit\u00e0, ecc.) con gli stessi obblighi di sicurezza e riservatezza.<\/p>\n<p><strong>4.7. Trasferimenti verso paesi terzi<\/strong><\/p>\n<p>Non sono previsti trasferimenti di dati verso paesi terzi salvo richiesta espressa.<\/p>\n<p><strong>4.8. Diritti dell\u2019utente<\/strong><\/p>\n<p>Avete diritto di sapere se i vostri dati sono trattati e di richiedere accesso, rettifica, cancellazione, limitazione, opposizione e portabilit\u00e0, se applicabile. Potete ritirare il consenso in qualsiasi momento senza influire sul trattamento legale effettuato prima del ritiro. Le richieste devono essere inviate per iscritto con copia di documento di identit\u00e0 alla Sezione 1.<\/p>\n<p>\u00c8 possibile presentare reclamo anche all\u2019Autorit\u00e0 Garante della Protezione dei Dati Spagnola: <a href=\"https:\/\/www.aepd.es\/\" target=\"_blank\" rel=\"noopener\">http:\/\/www.aepd.es\/portalwebAGPD\/index-ides-idphp.php<\/a><\/p>\n<p>Ci impegniamo a non inviare email pubblicitarie senza consenso previo. L\u2019utente pu\u00f2 opporsi spuntando la casella corrispondente.<\/p>\n<p><strong>5. PROCEDURA IN CASO DI ATTIVIT\u00c0 ILLEGALI<\/strong><\/p>\n<p>Se un utente o terzo ritiene che vi siano fatti che rivelano l\u2019illegalit\u00e0 dell\u2019uso di contenuti o attivit\u00e0 sul sito, deve notificare PLEISURE, identificarsi, precisare le presunte violazioni e dichiarare la veridicit\u00e0 delle informazioni fornite.<\/p>\n<p>Si applica il diritto spagnolo a qualsiasi controversia relativa al sito PLEISURE.<\/p>\n<p><strong>6. PUBBLICAZIONI<\/strong><\/p>\n<p>Le informazioni amministrative sul sito non sostituiscono la pubblicazione legale di leggi, regolamenti, piani, disposizioni generali e atti pubblicati ufficialmente, che sono gli unici strumenti legalmente vincolanti. Le informazioni del sito hanno valore puramente indicativo e non hanno validit\u00e0 legale.<\/p>\n<\/div><\/div><\/div><\/div><\/div>\n","protected":false},"excerpt":{"rendered":"","protected":false},"author":1,"featured_media":0,"parent":0,"menu_order":0,"comment_status":"closed","ping_status":"closed","template":"","meta":{"footnotes":""},"class_list":["post-3421","page","type-page","status-publish","hentry"],"yoast_head":"<!-- This site is optimized with the Yoast SEO plugin v27.4 - https:\/\/yoast.com\/product\/yoast-seo-wordpress\/ -->\n<title>Avviso legale - Fiestas del Poble Espanyol<\/title>\n<meta name=\"robots\" content=\"noindex, follow\" \/>\n<meta property=\"og:locale\" content=\"it_IT\" \/>\n<meta property=\"og:type\" content=\"article\" \/>\n<meta property=\"og:title\" content=\"Avviso legale - Fiestas del Poble Espanyol\" \/>\n<meta property=\"og:url\" content=\"https:\/\/www.fiestapobleespanyol.com\/it\/avviso-legale\/\" \/>\n<meta property=\"og:site_name\" content=\"Fiestas del Poble Espanyol\" \/>\n<meta property=\"article:modified_time\" content=\"2026-01-14T12:57:14+00:00\" \/>\n<meta name=\"twitter:card\" content=\"summary_large_image\" \/>\n<meta name=\"twitter:label1\" content=\"Tempo di lettura stimato\" \/>\n\t<meta name=\"twitter:data1\" content=\"8 minuti\" \/>\n<script type=\"application\/ld+json\" class=\"yoast-schema-graph\">{\"@context\":\"https:\\\/\\\/schema.org\",\"@graph\":[{\"@type\":\"WebPage\",\"@id\":\"https:\\\/\\\/www.fiestapobleespanyol.com\\\/it\\\/avviso-legale\\\/\",\"url\":\"https:\\\/\\\/www.fiestapobleespanyol.com\\\/it\\\/avviso-legale\\\/\",\"name\":\"Avviso legale - Fiestas del Poble Espanyol\",\"isPartOf\":{\"@id\":\"https:\\\/\\\/www.fiestapobleespanyol.com\\\/it\\\/#website\"},\"datePublished\":\"2025-11-18T12:57:31+00:00\",\"dateModified\":\"2026-01-14T12:57:14+00:00\",\"breadcrumb\":{\"@id\":\"https:\\\/\\\/www.fiestapobleespanyol.com\\\/it\\\/avviso-legale\\\/#breadcrumb\"},\"inLanguage\":\"it-IT\",\"potentialAction\":[{\"@type\":\"ReadAction\",\"target\":[\"https:\\\/\\\/www.fiestapobleespanyol.com\\\/it\\\/avviso-legale\\\/\"]}]},{\"@type\":\"BreadcrumbList\",\"@id\":\"https:\\\/\\\/www.fiestapobleespanyol.com\\\/it\\\/avviso-legale\\\/#breadcrumb\",\"itemListElement\":[{\"@type\":\"ListItem\",\"position\":1,\"name\":\"Portada\",\"item\":\"https:\\\/\\\/www.fiestapobleespanyol.com\\\/it\\\/\"},{\"@type\":\"ListItem\",\"position\":2,\"name\":\"Avviso legale\"}]},{\"@type\":\"WebSite\",\"@id\":\"https:\\\/\\\/www.fiestapobleespanyol.com\\\/it\\\/#website\",\"url\":\"https:\\\/\\\/www.fiestapobleespanyol.com\\\/it\\\/\",\"name\":\"Fiesta Fin de A\u00f1o del Poble Espanyol\",\"description\":\"Fiestas del Poble Espanyol\",\"publisher\":{\"@id\":\"https:\\\/\\\/www.fiestapobleespanyol.com\\\/it\\\/#organization\"},\"potentialAction\":[{\"@type\":\"SearchAction\",\"target\":{\"@type\":\"EntryPoint\",\"urlTemplate\":\"https:\\\/\\\/www.fiestapobleespanyol.com\\\/it\\\/?s={search_term_string}\"},\"query-input\":{\"@type\":\"PropertyValueSpecification\",\"valueRequired\":true,\"valueName\":\"search_term_string\"}}],\"inLanguage\":\"it-IT\"},{\"@type\":\"Organization\",\"@id\":\"https:\\\/\\\/www.fiestapobleespanyol.com\\\/it\\\/#organization\",\"name\":\"Fiesta Fin de A\u00f1o del Poble Espanyol\",\"url\":\"https:\\\/\\\/www.fiestapobleespanyol.com\\\/it\\\/\",\"logo\":{\"@type\":\"ImageObject\",\"inLanguage\":\"it-IT\",\"@id\":\"https:\\\/\\\/www.fiestapobleespanyol.com\\\/it\\\/#\\\/schema\\\/logo\\\/image\\\/\",\"url\":\"https:\\\/\\\/www.fiestapobleespanyol.com\\\/wp-content\\\/uploads\\\/2024\\\/09\\\/fiesta-fin-de-ano-del-poble-espanyol-logo-e1725372860506.png\",\"contentUrl\":\"https:\\\/\\\/www.fiestapobleespanyol.com\\\/wp-content\\\/uploads\\\/2024\\\/09\\\/fiesta-fin-de-ano-del-poble-espanyol-logo-e1725372860506.png\",\"width\":258,\"height\":111,\"caption\":\"Fiesta Fin de A\u00f1o del Poble Espanyol\"},\"image\":{\"@id\":\"https:\\\/\\\/www.fiestapobleespanyol.com\\\/it\\\/#\\\/schema\\\/logo\\\/image\\\/\"}}]}<\/script>\n<!-- \/ Yoast SEO plugin. -->","yoast_head_json":{"title":"Avviso legale - Fiestas del Poble Espanyol","robots":{"index":"noindex","follow":"follow"},"og_locale":"it_IT","og_type":"article","og_title":"Avviso legale - Fiestas del Poble Espanyol","og_url":"https:\/\/www.fiestapobleespanyol.com\/it\/avviso-legale\/","og_site_name":"Fiestas del Poble Espanyol","article_modified_time":"2026-01-14T12:57:14+00:00","twitter_card":"summary_large_image","twitter_misc":{"Tempo di lettura stimato":"8 minuti"},"schema":{"@context":"https:\/\/schema.org","@graph":[{"@type":"WebPage","@id":"https:\/\/www.fiestapobleespanyol.com\/it\/avviso-legale\/","url":"https:\/\/www.fiestapobleespanyol.com\/it\/avviso-legale\/","name":"Avviso legale - Fiestas del Poble Espanyol","isPartOf":{"@id":"https:\/\/www.fiestapobleespanyol.com\/it\/#website"},"datePublished":"2025-11-18T12:57:31+00:00","dateModified":"2026-01-14T12:57:14+00:00","breadcrumb":{"@id":"https:\/\/www.fiestapobleespanyol.com\/it\/avviso-legale\/#breadcrumb"},"inLanguage":"it-IT","potentialAction":[{"@type":"ReadAction","target":["https:\/\/www.fiestapobleespanyol.com\/it\/avviso-legale\/"]}]},{"@type":"BreadcrumbList","@id":"https:\/\/www.fiestapobleespanyol.com\/it\/avviso-legale\/#breadcrumb","itemListElement":[{"@type":"ListItem","position":1,"name":"Portada","item":"https:\/\/www.fiestapobleespanyol.com\/it\/"},{"@type":"ListItem","position":2,"name":"Avviso legale"}]},{"@type":"WebSite","@id":"https:\/\/www.fiestapobleespanyol.com\/it\/#website","url":"https:\/\/www.fiestapobleespanyol.com\/it\/","name":"Fiesta Fin de A\u00f1o del Poble Espanyol","description":"Fiestas del Poble Espanyol","publisher":{"@id":"https:\/\/www.fiestapobleespanyol.com\/it\/#organization"},"potentialAction":[{"@type":"SearchAction","target":{"@type":"EntryPoint","urlTemplate":"https:\/\/www.fiestapobleespanyol.com\/it\/?s={search_term_string}"},"query-input":{"@type":"PropertyValueSpecification","valueRequired":true,"valueName":"search_term_string"}}],"inLanguage":"it-IT"},{"@type":"Organization","@id":"https:\/\/www.fiestapobleespanyol.com\/it\/#organization","name":"Fiesta Fin de A\u00f1o del Poble Espanyol","url":"https:\/\/www.fiestapobleespanyol.com\/it\/","logo":{"@type":"ImageObject","inLanguage":"it-IT","@id":"https:\/\/www.fiestapobleespanyol.com\/it\/#\/schema\/logo\/image\/","url":"https:\/\/www.fiestapobleespanyol.com\/wp-content\/uploads\/2024\/09\/fiesta-fin-de-ano-del-poble-espanyol-logo-e1725372860506.png","contentUrl":"https:\/\/www.fiestapobleespanyol.com\/wp-content\/uploads\/2024\/09\/fiesta-fin-de-ano-del-poble-espanyol-logo-e1725372860506.png","width":258,"height":111,"caption":"Fiesta Fin de A\u00f1o del Poble Espanyol"},"image":{"@id":"https:\/\/www.fiestapobleespanyol.com\/it\/#\/schema\/logo\/image\/"}}]}},"_links":{"self":[{"href":"https:\/\/www.fiestapobleespanyol.com\/it\/wp-json\/wp\/v2\/pages\/3421","targetHints":{"allow":["GET"]}}],"collection":[{"href":"https:\/\/www.fiestapobleespanyol.com\/it\/wp-json\/wp\/v2\/pages"}],"about":[{"href":"https:\/\/www.fiestapobleespanyol.com\/it\/wp-json\/wp\/v2\/types\/page"}],"author":[{"embeddable":true,"href":"https:\/\/www.fiestapobleespanyol.com\/it\/wp-json\/wp\/v2\/users\/1"}],"replies":[{"embeddable":true,"href":"https:\/\/www.fiestapobleespanyol.com\/it\/wp-json\/wp\/v2\/comments?post=3421"}],"version-history":[{"count":4,"href":"https:\/\/www.fiestapobleespanyol.com\/it\/wp-json\/wp\/v2\/pages\/3421\/revisions"}],"predecessor-version":[{"id":3654,"href":"https:\/\/www.fiestapobleespanyol.com\/it\/wp-json\/wp\/v2\/pages\/3421\/revisions\/3654"}],"wp:attachment":[{"href":"https:\/\/www.fiestapobleespanyol.com\/it\/wp-json\/wp\/v2\/media?parent=3421"}],"curies":[{"name":"wp","href":"https:\/\/api.w.org\/{rel}","templated":true}]}}