{"id":3427,"date":"2025-11-18T14:02:47","date_gmt":"2025-11-18T13:02:47","guid":{"rendered":"https:\/\/www.fiestapobleespanyol.com\/politique-de-confidentialite\/"},"modified":"2026-01-14T13:10:14","modified_gmt":"2026-01-14T12:10:14","slug":"politique-de-confidentialite","status":"publish","type":"page","link":"https:\/\/www.fiestapobleespanyol.com\/fr\/politique-de-confidentialite\/","title":{"rendered":"politique de confidentialit\u00e9"},"content":{"rendered":"<div class=\"fusion-fullwidth fullwidth-box fusion-builder-row-1 fusion-flex-container has-pattern-background has-mask-background nonhundred-percent-fullwidth non-hundred-percent-height-scrolling\" style=\"--awb-border-radius-top-left:0px;--awb-border-radius-top-right:0px;--awb-border-radius-bottom-right:0px;--awb-border-radius-bottom-left:0px;--awb-padding-left:10px;--awb-flex-wrap:wrap;\" ><div class=\"fusion-builder-row fusion-row fusion-flex-align-items-flex-start fusion-flex-content-wrap\" style=\"max-width:2496px;margin-left: calc(-4% \/ 2 );margin-right: calc(-4% \/ 2 );\"><div class=\"fusion-layout-column fusion_builder_column fusion-builder-column-0 fusion_builder_column_1_1 1_1 fusion-flex-column\" style=\"--awb-bg-size:cover;--awb-width-large:100%;--awb-margin-top-large:0px;--awb-spacing-right-large:1.92%;--awb-margin-bottom-large:20px;--awb-spacing-left-large:1.92%;--awb-width-medium:100%;--awb-order-medium:0;--awb-spacing-right-medium:1.92%;--awb-spacing-left-medium:1.92%;--awb-width-small:100%;--awb-order-small:0;--awb-spacing-right-small:1.92%;--awb-spacing-left-small:1.92%;\"><div class=\"fusion-column-wrapper fusion-column-has-shadow fusion-flex-justify-content-flex-start fusion-content-layout-column\"><div class=\"fusion-text fusion-text-1\"><h1>POLITIQUE DE CONFIDENTIALIT\u00c9 ET DE PROTECTION DES DONN\u00c9ES<\/h1>\n<p data-start=\"245\" data-end=\"305\"><strong data-start=\"245\" data-end=\"305\">1. Qui est le Responsable du traitement de vos donn\u00e9es ?<\/strong><\/p>\n<p data-start=\"307\" data-end=\"576\">Conform\u00e9ment au R\u00e8glement (UE) 2016\/679 en vigueur, et \u00e0 la Loi organique 3\/2018 du 5 d\u00e9cembre relative \u00e0 la protection des donn\u00e9es \u00e0 caract\u00e8re personnel et \u00e0 la garantie des droits num\u00e9riques, le responsable du traitement est identifi\u00e9 au point 1 des Mentions l\u00e9gales.<\/p>\n<p data-start=\"578\" data-end=\"666\"><strong data-start=\"578\" data-end=\"666\">Type de donn\u00e9es que nous d\u00e9tenons \u00e0 votre sujet et comment nous les avons obtenues :<\/strong><\/p>\n<p data-start=\"668\" data-end=\"783\">Les cat\u00e9gories de donn\u00e9es \u00e0 caract\u00e8re personnel que nous traitons concernant les clients et les fournisseurs sont :<\/p>\n<ol data-start=\"785\" data-end=\"928\">\n<li data-start=\"785\" data-end=\"814\">\n<p data-start=\"788\" data-end=\"814\">Donn\u00e9es d\u2019identification<\/p>\n<\/li>\n<li data-start=\"815\" data-end=\"854\">\n<p data-start=\"818\" data-end=\"854\">Adresses postales ou \u00e9lectroniques<\/p>\n<\/li>\n<li data-start=\"855\" data-end=\"885\">\n<p data-start=\"858\" data-end=\"885\">Informations commerciales<\/p>\n<\/li>\n<li data-start=\"886\" data-end=\"928\">\n<p data-start=\"889\" data-end=\"928\">Donn\u00e9es \u00e9conomiques et de transaction<\/p>\n<\/li>\n<\/ol>\n<p data-start=\"930\" data-end=\"1003\"><strong data-start=\"930\" data-end=\"1003\">2. Ne traitons-nous en aucun cas des donn\u00e9es sp\u00e9cialement prot\u00e9g\u00e9es ?<\/strong><\/p>\n<p data-start=\"1005\" data-end=\"1506\">Toutes les donn\u00e9es mentionn\u00e9es ci-dessus ont \u00e9t\u00e9 obtenues soit directement aupr\u00e8s de vous par la pr\u00e9sentation d\u2019une offre commerciale, d\u2019une proposition contractuelle, etc., soit par l\u2019interm\u00e9diaire de votre entreprise en nous fournissant les donn\u00e9es d\u2019identification et les autres informations n\u00e9cessaires \u00e0 la r\u00e9alisation de l\u2019objet de la relation contractuelle entre les parties. Il sera de votre obligation ou de celle de votre entreprise de nous fournir des donn\u00e9es \u00e0 jour en cas de modification.<\/p>\n<p data-start=\"1508\" data-end=\"1556\"><strong data-start=\"1508\" data-end=\"1556\">3. Dans quel but traitons-nous vos donn\u00e9es ?<\/strong><\/p>\n<p data-start=\"1558\" data-end=\"1909\">Nous traitons les donn\u00e9es fournies par les personnes concern\u00e9es afin de g\u00e9rer diff\u00e9rentes activit\u00e9s d\u00e9coulant de proc\u00e9dures sp\u00e9cifiques r\u00e9alis\u00e9es dans le domaine des ventes, du service apr\u00e8s-vente, de la gestion des fournisseurs, de la qualit\u00e9 du service, etc. De cette mani\u00e8re, nous utiliserons vos donn\u00e9es pour r\u00e9aliser l\u2019une des actions suivantes :<\/p>\n<p data-start=\"1911\" data-end=\"2061\">I. Envoi des informations demand\u00e9es par le biais du formulaire de contact de notre site web ou de tout autre moyen de contact avec notre entreprise,<\/p>\n<p data-start=\"2063\" data-end=\"2197\">II. Fournir aussi bien aux clients potentiels qu\u2019\u00e0 nos clients des offres de produits et de services susceptibles de les int\u00e9resser,<\/p>\n<p data-start=\"2199\" data-end=\"2340\">III. Assurer la gestion de l\u2019achat de billets, ainsi que la gestion administrative, fiscale et comptable de nos clients et\/ou fournisseurs,<\/p>\n<p data-start=\"2342\" data-end=\"2516\">IV. R\u00e9aliser des enqu\u00eates de satisfaction, des \u00e9tudes de march\u00e9, etc., afin de pouvoir vous proposer les offres les plus appropri\u00e9es et une qualit\u00e9 de service optimis\u00e9e, etc.<\/p>\n<p data-start=\"2518\" data-end=\"2573\"><strong data-start=\"2518\" data-end=\"2573\">4. Combien de temps conserverons-nous vos donn\u00e9es ?<\/strong><\/p>\n<p data-start=\"2575\" data-end=\"3129\">Les donn\u00e9es \u00e0 caract\u00e8re personnel relatives aux personnes physiques li\u00e9es \u00e0 des clients potentiels, clients et fournisseurs que nous collectons par le biais des diff\u00e9rents formulaires de contact et\/ou de collecte d\u2019informations seront conserv\u00e9es tant que leur suppression ne sera pas demand\u00e9e par la personne concern\u00e9e. Les donn\u00e9es fournies par nos clients et fournisseurs seront conserv\u00e9es tant que la relation commerciale entre les parties sera maintenue, en respectant en tout \u00e9tat de cause les d\u00e9lais l\u00e9gaux minimaux de conservation selon la mati\u00e8re.<\/p>\n<p data-start=\"3131\" data-end=\"3787\">Dans tous les cas, nous conserverons vos donn\u00e9es \u00e0 caract\u00e8re personnel pendant la p\u00e9riode de temps raisonnablement n\u00e9cessaire compte tenu de nos besoins pour r\u00e9pondre aux questions soulev\u00e9es ou r\u00e9soudre des probl\u00e8mes, apporter des am\u00e9liorations, activer de nouveaux services et respecter les exigences impos\u00e9es par la l\u00e9gislation applicable. Cela signifie que nous pouvons conserver vos donn\u00e9es \u00e0 caract\u00e8re personnel pendant une p\u00e9riode de temps raisonnable m\u00eame apr\u00e8s que vous ayez cess\u00e9 d\u2019utiliser nos produits ou cess\u00e9 d\u2019utiliser ce site web. \u00c0 l\u2019issue de cette p\u00e9riode, vos donn\u00e9es \u00e0 caract\u00e8re personnel seront supprim\u00e9es de l\u2019ensemble de nos syst\u00e8mes.<\/p>\n<p data-start=\"3789\" data-end=\"3855\"><strong data-start=\"3789\" data-end=\"3855\">5. Quelle est la base juridique du traitement de vos donn\u00e9es ?<\/strong><\/p>\n<p data-start=\"3857\" data-end=\"3933\">Selon le type de traitement des donn\u00e9es, la base juridique est la suivante :<\/p>\n<p data-start=\"3935\" data-end=\"4229\">En premier lieu, une gestion comptable sera effectu\u00e9e, comprenant la facturation et l\u2019achat de billets, ainsi que la relation avec les clients et les fournisseurs. Ce traitement est fond\u00e9 sur le maintien, le d\u00e9veloppement et le contr\u00f4le de la relation contractuelle existante entre les parties.<\/p>\n<p data-start=\"4231\" data-end=\"4533\">De m\u00eame, les donn\u00e9es pourront \u00eatre utilis\u00e9es \u00e0 des fins de gestion fiscale, comprenant l\u2019application de retenues, de bonifications ou d\u2019autres obligations fiscales. La base l\u00e9gale de ce traitement est \u00e0 la fois le maintien de la relation contractuelle et le respect des obligations l\u00e9gales applicables.<\/p>\n<p data-start=\"4535\" data-end=\"4826\">D\u2019autre part, une gestion administrative sera r\u00e9alis\u00e9e, comprenant des t\u00e2ches de logistique, de stockage, de livraison des produits au client et de r\u00e9ception des marchandises. Ce traitement est \u00e9galement l\u00e9gitim\u00e9 par le maintien, le d\u00e9veloppement et le contr\u00f4le de la relation contractuelle.<\/p>\n<p data-start=\"4828\" data-end=\"5305\">Enfin, les donn\u00e9es pourront \u00eatre trait\u00e9es \u00e0 des fins de marketing, consistant en l\u2019envoi d\u2019actions commerciales relatives \u00e0 des produits ou services, adress\u00e9es aux membres ou aux personnes ayant pr\u00e9c\u00e9demment demand\u00e9 des informations, y compris la r\u00e9alisation d\u2019enqu\u00eates de satisfaction et la communication d\u2019activit\u00e9s culturelles propres \u00e0 Poble Espanyol de Montju\u00efc SAU. Ce traitement est fond\u00e9 sur le consentement libre, sp\u00e9cifique et sans \u00e9quivoque de la personne concern\u00e9e.<\/p>\n<p data-start=\"5307\" data-end=\"5711\">Il est express\u00e9ment inform\u00e9 que le retrait du consentement pour les actions de marketing ne conditionnera en aucun cas l\u2019ex\u00e9cution du contrat pouvant exister entre les parties. De m\u00eame, le traitement pourra \u00eatre fond\u00e9 sur l\u2019int\u00e9r\u00eat l\u00e9gitime de la soci\u00e9t\u00e9 pour la promotion et la commercialisation de produits ou de services similaires \u00e0 ceux pr\u00e9c\u00e9demment obtenus ou demand\u00e9s par les personnes concern\u00e9es.<\/p>\n<p data-start=\"5713\" data-end=\"5912\">Dans le cas o\u00f9 vous ne fournissez pas vos donn\u00e9es \u00e0 caract\u00e8re personnel, votre contrat ne pourra pas \u00eatre ex\u00e9cut\u00e9, ni les obligations l\u00e9gales ou celles d\u00e9coulant des pouvoirs publics \u00eatre respect\u00e9es.<\/p>\n<p data-start=\"5914\" data-end=\"5982\"><strong data-start=\"5914\" data-end=\"5982\">6. \u00c0 quels destinataires vos donn\u00e9es seront-elles communiqu\u00e9es ?<\/strong><\/p>\n<p data-start=\"5984\" data-end=\"6177\">Nous ne c\u00e9derons pas vos donn\u00e9es \u00e0 caract\u00e8re personnel \u00e0 une entreprise tierce qui entendrait les utiliser pour ses actions de marketing direct, sauf si vous nous y avez express\u00e9ment autoris\u00e9s.<\/p>\n<p data-start=\"6179\" data-end=\"6672\">Nous vous informons que nous pouvons communiquer vos donn\u00e9es \u00e0 caract\u00e8re personnel \u00e0 des organismes de l\u2019Administration publique et aux autorit\u00e9s comp\u00e9tentes dans les cas o\u00f9 ils nous les exigent l\u00e9galement ou lorsque, agissant de bonne foi, nous estimons que cette action est raisonnablement n\u00e9cessaire pour se conformer \u00e0 une proc\u00e9dure judiciaire ; pour r\u00e9pondre \u00e0 toute r\u00e9clamation ou action en justice ; ou pour prot\u00e9ger les droits de l\u2019entreprise ou de ses clients et du public en g\u00e9n\u00e9ral.<\/p>\n<p data-start=\"6674\" data-end=\"6841\">Nous vous informons que vos donn\u00e9es ne seront ni c\u00e9d\u00e9es ni communiqu\u00e9es \u00e0 des tiers ; l\u2019entreprise est la seule responsable de leur traitement et de leur conservation.<\/p>\n<p data-start=\"6843\" data-end=\"7628\">Nous fournirons vos donn\u00e9es \u00e0 caract\u00e8re personnel \u00e0 des tiers (par exemple, des prestataires de services et Internet qui nous aident \u00e0 administrer notre site web ou \u00e0 fournir les services contract\u00e9s, des entreprises de support et de maintenance informatique, des entreprises de logistique, des cabinets de gestion et de conseil fiscal et comptable, etc.). Dans tous les cas, ces tiers devront maintenir, \u00e0 tout moment, les m\u00eames niveaux de s\u00e9curit\u00e9 que nous en ce qui concerne vos donn\u00e9es \u00e0 caract\u00e8re personnel et, lorsque cela sera n\u00e9cessaire, ils seront li\u00e9s par des engagements l\u00e9gaux afin de conserver vos donn\u00e9es \u00e0 caract\u00e8re personnel de mani\u00e8re priv\u00e9e et s\u00e9curis\u00e9e, et \u00e9galement afin d\u2019utiliser les informations uniquement en suivant les instructions sp\u00e9cifiques de l\u2019entreprise.<\/p>\n<p data-start=\"7630\" data-end=\"7680\"><strong data-start=\"7630\" data-end=\"7680\">7. Transferts de donn\u00e9es vers des pays tiers ?<\/strong><\/p>\n<p data-start=\"7682\" data-end=\"7794\">Aucun transfert de donn\u00e9es vers des pays tiers n\u2019est pr\u00e9vu, sauf \u00e0 la demande expresse de la personne concern\u00e9e.<\/p>\n<p data-start=\"7796\" data-end=\"7857\"><strong data-start=\"7796\" data-end=\"7857\">8. Quels sont vos droits en tant que personne concern\u00e9e ?<\/strong><\/p>\n<p data-start=\"7859\" data-end=\"7992\">Toute personne a le droit d\u2019obtenir la confirmation que des donn\u00e9es \u00e0 caract\u00e8re personnel la concernant sont ou ne sont pas trait\u00e9es.<\/p>\n<p data-start=\"7994\" data-end=\"8263\">En particulier, les personnes concern\u00e9es peuvent demander le droit d\u2019acc\u00e8s \u00e0 leurs donn\u00e9es \u00e0 caract\u00e8re personnel, ainsi que de les recevoir dans un format commun et lisible par machine si le traitement est effectu\u00e9 par des moyens \u00e9lectroniques (droit \u00e0 la portabilit\u00e9).<\/p>\n<p data-start=\"8265\" data-end=\"8532\">De m\u00eame, les personnes concern\u00e9es peuvent demander le droit de rectification des donn\u00e9es inexactes ou, le cas \u00e9ch\u00e9ant, demander leur suppression lorsque, entre autres motifs, les donn\u00e9es ne sont plus n\u00e9cessaires aux finalit\u00e9s pour lesquelles elles ont \u00e9t\u00e9 collect\u00e9es.<\/p>\n<p data-start=\"8534\" data-end=\"9043\">En compl\u00e9ment, dans certaines circonstances, les personnes concern\u00e9es pourront demander la limitation du traitement de leurs donn\u00e9es, ou dans certaines circonstances et pour des raisons li\u00e9es \u00e0 leur situation particuli\u00e8re, elles pourront exercer leur droit d\u2019opposition au traitement de leurs donn\u00e9es. Nous cesserons de traiter les donn\u00e9es, sauf pour des motifs l\u00e9gitimes imp\u00e9rieux, ou pour l\u2019exercice ou la d\u00e9fense de r\u00e9clamations \u00e9ventuelles ou dans les exceptions \u00e9tablies par la r\u00e9glementation applicable.<\/p>\n<p data-start=\"9045\" data-end=\"9249\">De m\u00eame, nous vous informons que vous avez le droit de retirer les consentements accord\u00e9s \u00e0 tout moment, sans que cela n\u2019affecte la lic\u00e9it\u00e9 du traitement fond\u00e9 sur le consentement pr\u00e9alable \u00e0 son retrait.<\/p>\n<p data-start=\"9251\" data-end=\"9507\">De m\u00eame, l\u2019Utilisateur est inform\u00e9 qu\u2019\u00e0 tout moment il peut exercer les droits susmentionn\u00e9s en nous adressant une demande \u00e9crite en utilisant les coordonn\u00e9es figurant au point 1 des pr\u00e9sentes Mentions l\u00e9gales, en joignant une copie de sa pi\u00e8ce d\u2019identit\u00e9.<\/p>\n<p data-start=\"9509\" data-end=\"9709\">Vous aurez \u00e9galement le droit d\u2019introduire une r\u00e9clamation aupr\u00e8s de l\u2019Agence espagnole de protection des donn\u00e9es, notamment lorsque vous n\u2019aurez pas obtenu satisfaction dans l\u2019exercice de vos droits.<\/p>\n<p data-start=\"9711\" data-end=\"9764\"><a class=\"decorated-link\" href=\"http:\/\/www.agpd.es\/portalwebAGPD\/index-ides-idphp.php\" target=\"_new\" rel=\"noopener\" data-start=\"9711\" data-end=\"9764\">http:\/\/www.agpd.es\/portalwebAGPD\/index-ides-idphp.php<\/a><\/p>\n<p data-start=\"9766\" data-end=\"10161\">D\u2019autre part, conform\u00e9ment aux dispositions de la Loi 34\/2002 du 11 juillet relative aux services de la soci\u00e9t\u00e9 de l\u2019information et au commerce \u00e9lectronique, nous nous engageons \u00e0 ne pas envoyer de publicit\u00e9 par courrier \u00e9lectronique sans avoir pr\u00e9alablement obtenu l\u2019autorisation expresse du destinataire. L\u2019Utilisateur pourra s\u2019opposer \u00e0 l\u2019envoi de publicit\u00e9 en cochant la case correspondante.<\/p>\n<\/div><\/div><\/div><\/div><\/div>\n","protected":false},"excerpt":{"rendered":"","protected":false},"author":1,"featured_media":0,"parent":0,"menu_order":0,"comment_status":"closed","ping_status":"closed","template":"","meta":{"footnotes":""},"class_list":["post-3427","page","type-page","status-publish","hentry"],"yoast_head":"<!-- This site is optimized with the Yoast SEO plugin v27.4 - https:\/\/yoast.com\/product\/yoast-seo-wordpress\/ -->\n<title>politique de confidentialit\u00e9 - Fiestas del Poble Espanyol<\/title>\n<meta name=\"robots\" content=\"noindex, follow\" \/>\n<meta property=\"og:locale\" content=\"fr_FR\" \/>\n<meta property=\"og:type\" content=\"article\" \/>\n<meta property=\"og:title\" content=\"politique de confidentialit\u00e9 - Fiestas del Poble Espanyol\" \/>\n<meta property=\"og:url\" content=\"https:\/\/www.fiestapobleespanyol.com\/fr\/politique-de-confidentialite\/\" \/>\n<meta property=\"og:site_name\" content=\"Fiestas del Poble Espanyol\" \/>\n<meta property=\"article:modified_time\" content=\"2026-01-14T12:10:14+00:00\" \/>\n<meta name=\"twitter:card\" content=\"summary_large_image\" \/>\n<meta name=\"twitter:label1\" content=\"Dur\u00e9e de lecture estim\u00e9e\" \/>\n\t<meta name=\"twitter:data1\" content=\"8 minutes\" \/>\n<script type=\"application\/ld+json\" class=\"yoast-schema-graph\">{\"@context\":\"https:\\\/\\\/schema.org\",\"@graph\":[{\"@type\":\"WebPage\",\"@id\":\"https:\\\/\\\/www.fiestapobleespanyol.com\\\/fr\\\/politique-de-confidentialite\\\/\",\"url\":\"https:\\\/\\\/www.fiestapobleespanyol.com\\\/fr\\\/politique-de-confidentialite\\\/\",\"name\":\"politique de confidentialit\u00e9 - Fiestas del Poble Espanyol\",\"isPartOf\":{\"@id\":\"https:\\\/\\\/www.fiestapobleespanyol.com\\\/fr\\\/#website\"},\"datePublished\":\"2025-11-18T13:02:47+00:00\",\"dateModified\":\"2026-01-14T12:10:14+00:00\",\"breadcrumb\":{\"@id\":\"https:\\\/\\\/www.fiestapobleespanyol.com\\\/fr\\\/politique-de-confidentialite\\\/#breadcrumb\"},\"inLanguage\":\"fr-FR\",\"potentialAction\":[{\"@type\":\"ReadAction\",\"target\":[\"https:\\\/\\\/www.fiestapobleespanyol.com\\\/fr\\\/politique-de-confidentialite\\\/\"]}]},{\"@type\":\"BreadcrumbList\",\"@id\":\"https:\\\/\\\/www.fiestapobleespanyol.com\\\/fr\\\/politique-de-confidentialite\\\/#breadcrumb\",\"itemListElement\":[{\"@type\":\"ListItem\",\"position\":1,\"name\":\"Portada\",\"item\":\"https:\\\/\\\/www.fiestapobleespanyol.com\\\/fr\\\/\"},{\"@type\":\"ListItem\",\"position\":2,\"name\":\"politique de confidentialit\u00e9\"}]},{\"@type\":\"WebSite\",\"@id\":\"https:\\\/\\\/www.fiestapobleespanyol.com\\\/fr\\\/#website\",\"url\":\"https:\\\/\\\/www.fiestapobleespanyol.com\\\/fr\\\/\",\"name\":\"Fiesta Fin de A\u00f1o del Poble Espanyol\",\"description\":\"Fiestas del Poble Espanyol\",\"publisher\":{\"@id\":\"https:\\\/\\\/www.fiestapobleespanyol.com\\\/fr\\\/#organization\"},\"potentialAction\":[{\"@type\":\"SearchAction\",\"target\":{\"@type\":\"EntryPoint\",\"urlTemplate\":\"https:\\\/\\\/www.fiestapobleespanyol.com\\\/fr\\\/?s={search_term_string}\"},\"query-input\":{\"@type\":\"PropertyValueSpecification\",\"valueRequired\":true,\"valueName\":\"search_term_string\"}}],\"inLanguage\":\"fr-FR\"},{\"@type\":\"Organization\",\"@id\":\"https:\\\/\\\/www.fiestapobleespanyol.com\\\/fr\\\/#organization\",\"name\":\"Fiesta Fin de A\u00f1o del Poble Espanyol\",\"url\":\"https:\\\/\\\/www.fiestapobleespanyol.com\\\/fr\\\/\",\"logo\":{\"@type\":\"ImageObject\",\"inLanguage\":\"fr-FR\",\"@id\":\"https:\\\/\\\/www.fiestapobleespanyol.com\\\/fr\\\/#\\\/schema\\\/logo\\\/image\\\/\",\"url\":\"https:\\\/\\\/www.fiestapobleespanyol.com\\\/wp-content\\\/uploads\\\/2024\\\/09\\\/fiesta-fin-de-ano-del-poble-espanyol-logo-e1725372860506.png\",\"contentUrl\":\"https:\\\/\\\/www.fiestapobleespanyol.com\\\/wp-content\\\/uploads\\\/2024\\\/09\\\/fiesta-fin-de-ano-del-poble-espanyol-logo-e1725372860506.png\",\"width\":258,\"height\":111,\"caption\":\"Fiesta Fin de A\u00f1o del Poble Espanyol\"},\"image\":{\"@id\":\"https:\\\/\\\/www.fiestapobleespanyol.com\\\/fr\\\/#\\\/schema\\\/logo\\\/image\\\/\"}}]}<\/script>\n<!-- \/ Yoast SEO plugin. -->","yoast_head_json":{"title":"politique de confidentialit\u00e9 - Fiestas del Poble Espanyol","robots":{"index":"noindex","follow":"follow"},"og_locale":"fr_FR","og_type":"article","og_title":"politique de confidentialit\u00e9 - Fiestas del Poble Espanyol","og_url":"https:\/\/www.fiestapobleespanyol.com\/fr\/politique-de-confidentialite\/","og_site_name":"Fiestas del Poble Espanyol","article_modified_time":"2026-01-14T12:10:14+00:00","twitter_card":"summary_large_image","twitter_misc":{"Dur\u00e9e de lecture estim\u00e9e":"8 minutes"},"schema":{"@context":"https:\/\/schema.org","@graph":[{"@type":"WebPage","@id":"https:\/\/www.fiestapobleespanyol.com\/fr\/politique-de-confidentialite\/","url":"https:\/\/www.fiestapobleespanyol.com\/fr\/politique-de-confidentialite\/","name":"politique de confidentialit\u00e9 - Fiestas del Poble Espanyol","isPartOf":{"@id":"https:\/\/www.fiestapobleespanyol.com\/fr\/#website"},"datePublished":"2025-11-18T13:02:47+00:00","dateModified":"2026-01-14T12:10:14+00:00","breadcrumb":{"@id":"https:\/\/www.fiestapobleespanyol.com\/fr\/politique-de-confidentialite\/#breadcrumb"},"inLanguage":"fr-FR","potentialAction":[{"@type":"ReadAction","target":["https:\/\/www.fiestapobleespanyol.com\/fr\/politique-de-confidentialite\/"]}]},{"@type":"BreadcrumbList","@id":"https:\/\/www.fiestapobleespanyol.com\/fr\/politique-de-confidentialite\/#breadcrumb","itemListElement":[{"@type":"ListItem","position":1,"name":"Portada","item":"https:\/\/www.fiestapobleespanyol.com\/fr\/"},{"@type":"ListItem","position":2,"name":"politique de confidentialit\u00e9"}]},{"@type":"WebSite","@id":"https:\/\/www.fiestapobleespanyol.com\/fr\/#website","url":"https:\/\/www.fiestapobleespanyol.com\/fr\/","name":"Fiesta Fin de A\u00f1o del Poble Espanyol","description":"Fiestas del Poble Espanyol","publisher":{"@id":"https:\/\/www.fiestapobleespanyol.com\/fr\/#organization"},"potentialAction":[{"@type":"SearchAction","target":{"@type":"EntryPoint","urlTemplate":"https:\/\/www.fiestapobleespanyol.com\/fr\/?s={search_term_string}"},"query-input":{"@type":"PropertyValueSpecification","valueRequired":true,"valueName":"search_term_string"}}],"inLanguage":"fr-FR"},{"@type":"Organization","@id":"https:\/\/www.fiestapobleespanyol.com\/fr\/#organization","name":"Fiesta Fin de A\u00f1o del Poble Espanyol","url":"https:\/\/www.fiestapobleespanyol.com\/fr\/","logo":{"@type":"ImageObject","inLanguage":"fr-FR","@id":"https:\/\/www.fiestapobleespanyol.com\/fr\/#\/schema\/logo\/image\/","url":"https:\/\/www.fiestapobleespanyol.com\/wp-content\/uploads\/2024\/09\/fiesta-fin-de-ano-del-poble-espanyol-logo-e1725372860506.png","contentUrl":"https:\/\/www.fiestapobleespanyol.com\/wp-content\/uploads\/2024\/09\/fiesta-fin-de-ano-del-poble-espanyol-logo-e1725372860506.png","width":258,"height":111,"caption":"Fiesta Fin de A\u00f1o del Poble Espanyol"},"image":{"@id":"https:\/\/www.fiestapobleespanyol.com\/fr\/#\/schema\/logo\/image\/"}}]}},"_links":{"self":[{"href":"https:\/\/www.fiestapobleespanyol.com\/fr\/wp-json\/wp\/v2\/pages\/3427","targetHints":{"allow":["GET"]}}],"collection":[{"href":"https:\/\/www.fiestapobleespanyol.com\/fr\/wp-json\/wp\/v2\/pages"}],"about":[{"href":"https:\/\/www.fiestapobleespanyol.com\/fr\/wp-json\/wp\/v2\/types\/page"}],"author":[{"embeddable":true,"href":"https:\/\/www.fiestapobleespanyol.com\/fr\/wp-json\/wp\/v2\/users\/1"}],"replies":[{"embeddable":true,"href":"https:\/\/www.fiestapobleespanyol.com\/fr\/wp-json\/wp\/v2\/comments?post=3427"}],"version-history":[{"count":5,"href":"https:\/\/www.fiestapobleespanyol.com\/fr\/wp-json\/wp\/v2\/pages\/3427\/revisions"}],"predecessor-version":[{"id":3639,"href":"https:\/\/www.fiestapobleespanyol.com\/fr\/wp-json\/wp\/v2\/pages\/3427\/revisions\/3639"}],"wp:attachment":[{"href":"https:\/\/www.fiestapobleespanyol.com\/fr\/wp-json\/wp\/v2\/media?parent=3427"}],"curies":[{"name":"wp","href":"https:\/\/api.w.org\/{rel}","templated":true}]}}