{"id":3415,"date":"2025-11-18T13:53:00","date_gmt":"2025-11-18T12:53:00","guid":{"rendered":"https:\/\/www.fiestapobleespanyol.com\/avis-juridique\/"},"modified":"2026-01-14T13:56:51","modified_gmt":"2026-01-14T12:56:51","slug":"avis-juridique","status":"publish","type":"page","link":"https:\/\/www.fiestapobleespanyol.com\/fr\/avis-juridique\/","title":{"rendered":"Avis juridique"},"content":{"rendered":"<div class=\"fusion-fullwidth fullwidth-box fusion-builder-row-1 fusion-flex-container has-pattern-background has-mask-background nonhundred-percent-fullwidth non-hundred-percent-height-scrolling\" style=\"--awb-border-radius-top-left:0px;--awb-border-radius-top-right:0px;--awb-border-radius-bottom-right:0px;--awb-border-radius-bottom-left:0px;--awb-padding-left:10px;--awb-flex-wrap:wrap;\" ><div class=\"fusion-builder-row fusion-row fusion-flex-align-items-flex-start fusion-flex-content-wrap\" style=\"max-width:2496px;margin-left: calc(-4% \/ 2 );margin-right: calc(-4% \/ 2 );\"><div class=\"fusion-layout-column fusion_builder_column fusion-builder-column-0 fusion_builder_column_1_1 1_1 fusion-flex-column\" style=\"--awb-bg-size:cover;--awb-width-large:100%;--awb-margin-top-large:0px;--awb-spacing-right-large:1.92%;--awb-margin-bottom-large:20px;--awb-spacing-left-large:1.92%;--awb-width-medium:100%;--awb-order-medium:0;--awb-spacing-right-medium:1.92%;--awb-spacing-left-medium:1.92%;--awb-width-small:100%;--awb-order-small:0;--awb-spacing-right-small:1.92%;--awb-spacing-left-small:1.92%;\"><div class=\"fusion-column-wrapper fusion-column-has-shadow fusion-flex-justify-content-flex-start fusion-content-layout-column\"><div class=\"fusion-text fusion-text-1\"><h1>AVIS L\u00c9GAL<\/h1>\n<p><strong>0. OBJET ET ACCEPTATION<\/strong><\/p>\n<p>Cette mention l\u00e9gale r\u00e9git l\u2019utilisation du site web <a href=\"https:\/\/tickets.pleisure.pro\/fr\/\" target=\"_blank\" rel=\"noopener\">https:\/\/tickets.pleisure.pro\/fr\/<\/a>, dont le propri\u00e9taire est Pemsa Leisure Sociedad Limitada (ci-apr\u00e8s, PLEISURE).<\/p>\n<p>La navigation sur le site de PLEISURE conf\u00e8re le statut d\u2019utilisateur et implique l\u2019acceptation pleine et enti\u00e8re de toutes les dispositions incluses dans cette Mention L\u00e9gale, lesquelles peuvent \u00eatre modifi\u00e9es.<\/p>\n<p>L\u2019utilisateur s\u2019engage \u00e0 utiliser le site conform\u00e9ment \u00e0 la loi, de bonne foi, \u00e0 l\u2019ordre public, aux usages commerciaux et \u00e0 la pr\u00e9sente Mention L\u00e9gale. L\u2019utilisateur sera responsable envers PLEISURE ou des tiers de tout dommage ou pr\u00e9judice r\u00e9sultant du non-respect de cette obligation.<\/p>\n<p><strong>1. IDENTIFICATION ET COMMUNICATION<\/strong><\/p>\n<p>Conform\u00e9ment \u00e0 la loi 34\/2002 du 11 juillet sur les Services de la Soci\u00e9t\u00e9 de l\u2019Information et le Commerce \u00c9lectronique, PLEISURE vous informe que :<\/p>\n<p>Raison sociale : Pemsa Leisure Sociedad Limitada<\/p>\n<p>Num\u00e9ro d\u2019identification fiscale (CIF) : B66144601<\/p>\n<p>Si\u00e8ge social : AVDA FRANCESC FERRER I GUARDIA, N\u00b0 13, 08038 BARCELONE<\/p>\n<p>Donn\u00e9es d\u2019enregistrement : Registre du commerce de Barcelone, num\u00e9ro d\u2019inscription 1, tome 44051, feuille 121, section, page 445747.<\/p>\n<p>Pour nous contacter, nous mettons \u00e0 votre disposition les moyens suivants :<\/p>\n<p>T\u00e9l\u00e9phone : 34 93 508 63 00<\/p>\n<p>Email : info@pleisure.pro<\/p>\n<p>Toutes les notifications et communications entre les utilisateurs et PLEISURE seront consid\u00e9r\u00e9es comme valides lorsqu\u2019elles sont effectu\u00e9es par courrier postal ou tout autre moyen indiqu\u00e9 ci-dessus.<\/p>\n<p><strong>2. CONDITIONS D\u2019ACC\u00c8S ET D\u2019UTILISATION<\/strong><\/p>\n<p>Le site web et ses services sont librement accessibles. Cependant, PLEISURE conditionne l\u2019utilisation de certains services \u00e0 la compl\u00e9tion pr\u00e9alable du formulaire correspondant.<\/p>\n<p>L\u2019utilisateur garantit l\u2019authenticit\u00e9 et l\u2019actualit\u00e9 de toutes les donn\u00e9es communiqu\u00e9es \u00e0 PLEISURE et sera seul responsable de toute d\u00e9claration fausse ou inexacte.<\/p>\n<p>L\u2019utilisateur s\u2019engage express\u00e9ment \u00e0 utiliser de mani\u00e8re appropri\u00e9e les contenus et services de PLEISURE et \u00e0 ne pas les utiliser pour, entre autres :<\/p>\n<p>a) Diffuser des contenus ill\u00e9gaux, violents, pornographiques, racistes, x\u00e9nophobes, offensants ou faisant l\u2019apologie du terrorisme, ou en g\u00e9n\u00e9ral contraires \u00e0 la loi ou \u00e0 l\u2019ordre public.<\/p>\n<p>b) Introduire des virus informatiques ou r\u00e9aliser des actions susceptibles d\u2019alt\u00e9rer, endommager, interrompre ou provoquer des erreurs ou des dommages sur les documents \u00e9lectroniques, donn\u00e9es ou syst\u00e8mes physiques et logiques de PLEISURE ou de tiers ; ainsi qu\u2019entraver l\u2019acc\u00e8s d\u2019autres utilisateurs au site ou \u00e0 ses services via une consommation excessive des ressources informatiques.<\/p>\n<p>c) Tenter d\u2019acc\u00e9der aux comptes de messagerie d\u2019autres utilisateurs ou \u00e0 des zones restreintes des syst\u00e8mes informatiques de PLEISURE ou de tiers et, le cas \u00e9ch\u00e9ant, en extraire des informations.<\/p>\n<p>d) Violater les droits de propri\u00e9t\u00e9 intellectuelle ou industrielle ainsi que la confidentialit\u00e9 des informations de PLEISURE ou de tiers.<\/p>\n<p>e) Usurper l\u2019identit\u00e9 d\u2019un autre utilisateur, d\u2019autorit\u00e9s publiques ou d\u2019un tiers.<\/p>\n<p>f) Reproduire, copier, distribuer, mettre \u00e0 disposition, communiquer publiquement, transformer ou modifier les contenus, sauf autorisation du titulaire des droits ou disposition l\u00e9gale.<\/p>\n<p>g) Collecter des donn\u00e9es \u00e0 des fins publicitaires ou envoyer toute publicit\u00e9 ou communication commerciale sans demande ou consentement pr\u00e9alable.<\/p>\n<p>Tous les contenus du site web, tels que textes, photographies, graphiques, images, ic\u00f4nes, technologies, logiciels, ainsi que leur conception graphique et code source, sont la propri\u00e9t\u00e9 de PLEISURE. Aucun droit d\u2019exploitation n\u2019est accord\u00e9 \u00e0 l\u2019utilisateur au-del\u00e0 de ce qui est strictement n\u00e9cessaire \u00e0 l\u2019utilisation correcte du site.<\/p>\n<p>Les utilisateurs peuvent consulter le contenu et, le cas \u00e9ch\u00e9ant, effectuer des copies priv\u00e9es autoris\u00e9es, \u00e0 condition de ne pas les diffuser \u00e0 des tiers, de ne pas les installer sur des serveurs connect\u00e9s \u00e0 des r\u00e9seaux, ni de les exploiter d\u2019une quelconque mani\u00e8re.<\/p>\n<p>Tous les marques, noms commerciaux ou signes distinctifs pr\u00e9sents sur le site sont la propri\u00e9t\u00e9 de PLEISURE, et leur utilisation ou acc\u00e8s n\u2019octroie aucun droit aux utilisateurs.<\/p>\n<p>La distribution, modification, cession, communication publique des contenus ou tout acte non express\u00e9ment autoris\u00e9 par le titulaire des droits est interdite.<\/p>\n<p>La cr\u00e9ation d\u2019un hyperlien n\u2019implique en aucun cas l\u2019existence d\u2019une relation entre Pemsa Leisure Sociedad Limitada et le propri\u00e9taire du site, ni l\u2019acceptation ou l\u2019approbation de ses contenus. Une autorisation \u00e9crite pr\u00e9alable de PLEISURE est requise. L\u2019hyperlien ne doit diriger que vers la page d\u2019accueil et doit \u00e9viter toute d\u00e9claration fausse, inexacte ou ill\u00e9gale sur PLEISURE.<\/p>\n<p>PLEISURE n\u2019est pas responsable de l\u2019utilisation que les utilisateurs font des documents fournis sur le site ni de leurs actions bas\u00e9es sur ceux-ci.<\/p>\n<p><strong>3. EXCLUSION DE GARANTIES ET DE RESPONSABILIT\u00c9<\/strong><\/p>\n<p>Le contenu de ce site est de nature g\u00e9n\u00e9rale et purement informative. L\u2019acc\u00e8s complet, l\u2019exactitude, l\u2019exhaustivit\u00e9, l\u2019actualit\u00e9 ou l\u2019ad\u00e9quation \u00e0 un objectif sp\u00e9cifique ne sont pas garantis.<\/p>\n<p>Dans la limite permise par la loi, PLEISURE d\u00e9cline toute responsabilit\u00e9 pour les dommages r\u00e9sultant :<\/p>\n<p>a) De l\u2019impossibilit\u00e9 d\u2019acc\u00e9der au site ou de l\u2019inexactitude, de l\u2019incompl\u00e9tude ou de l\u2019obsolescence des contenus, ainsi que de tout d\u00e9faut dans les contenus transmis, stock\u00e9s ou mis \u00e0 disposition.<\/p>\n<p>b) De la pr\u00e9sence de virus ou autres \u00e9l\u00e9ments susceptibles d\u2019alt\u00e9rer les syst\u00e8mes informatiques, documents \u00e9lectroniques ou donn\u00e9es des utilisateurs.<\/p>\n<p>c) Du non-respect des lois, de la bonne foi, de l\u2019ordre public, des usages commerciaux et de la pr\u00e9sente mention l\u00e9gale suite \u00e0 une utilisation incorrecte du site. PLEISURE n\u2019est pas responsable des actions de tiers violant les droits de propri\u00e9t\u00e9 intellectuelle, secrets d\u2019entreprise, droits \u00e0 l\u2019honneur, \u00e0 la vie priv\u00e9e ou \u00e0 l\u2019image, ni de la r\u00e9glementation sur la concurrence d\u00e9loyale ou la publicit\u00e9 illicite.<\/p>\n<p>PLEISURE d\u00e9cline \u00e9galement toute responsabilit\u00e9 concernant les informations externes au site ou non g\u00e9r\u00e9es directement par notre webmaster. Les liens servent uniquement \u00e0 informer l\u2019utilisateur. PLEISURE ne garantit pas le fonctionnement ou l\u2019accessibilit\u00e9 des sites li\u00e9s et n\u2019est pas responsable des hyperliens tiers.<\/p>\n<p><strong>4. POLITIQUE DE CONFIDENTIALIT\u00c9<\/strong><\/p>\n<p><strong>4.1. Qui est responsable du traitement de vos donn\u00e9es ?<\/strong><\/p>\n<p>Conform\u00e9ment au R\u00e8glement (UE) 2016\/679 et \u00e0 la Loi Organique 3\/2018 du 5 d\u00e9cembre sur la protection des donn\u00e9es personnelles et les droits num\u00e9riques, le responsable du traitement est identifi\u00e9 \u00e0 la Section 1 de cette Mention L\u00e9gale.<\/p>\n<p>Types de donn\u00e9es et origine :<\/p>\n<p>Nous traitons les cat\u00e9gories de donn\u00e9es personnelles suivantes des clients et fournisseurs :<\/p>\n<ol>\n<li>Donn\u00e9es d\u2019identification<\/li>\n<li>Adresses postales ou \u00e9lectroniques<\/li>\n<li>Informations commerciales<\/li>\n<li>Donn\u00e9es \u00e9conomiques et transactions<\/li>\n<\/ol>\n<p><strong>4.2. Traitons-nous des donn\u00e9es sensibles ?<\/strong><\/p>\n<p>Toutes les donn\u00e9es mentionn\u00e9es proviennent directement de vous via offres commerciales, propositions contractuelles ou votre entreprise fournissant les informations n\u00e9cessaires. Vous devez nous communiquer toute mise \u00e0 jour.<\/p>\n<p><strong>4.3. Finalit\u00e9 du traitement des donn\u00e9es<\/strong><\/p>\n<p>Nous utilisons les donn\u00e9es pour g\u00e9rer ventes, service apr\u00e8s-vente, gestion des fournisseurs, qualit\u00e9 de service, etc., notamment :<\/p>\n<p>I. Envoi des informations demand\u00e9es via le formulaire de contact ou autres moyens,<\/p>\n<p>II. Fournir aux clients potentiels et actuels des offres de produits et services,<\/p>\n<p>III. Gestion administrative, fiscale et comptable des clients ou fournisseurs,<\/p>\n<p>IV. R\u00e9alisation d\u2019enqu\u00eates, \u00e9tudes de march\u00e9, etc., pour offrir des offres adapt\u00e9es et une qualit\u00e9 optimale.<\/p>\n<p><strong>4.4. Dur\u00e9e de conservation<\/strong><\/p>\n<p>Les donn\u00e9es collect\u00e9es via formulaires ou des clients\/fournisseurs sont conserv\u00e9es jusqu\u2019\u00e0 demande de suppression. Les donn\u00e9es clients\/fournisseurs sont conserv\u00e9es tant que la relation commerciale existe, respectant les d\u00e9lais l\u00e9gaux minimums.<\/p>\n<p>Nous pouvons conserver les donn\u00e9es le temps n\u00e9cessaire pour r\u00e9pondre \u00e0 des demandes, r\u00e9soudre des probl\u00e8mes, am\u00e9liorer les services, lancer de nouveaux services et respecter la loi. Apr\u00e8s cette p\u00e9riode, les donn\u00e9es seront supprim\u00e9es.<\/p>\n<p><strong>4.5. Base l\u00e9gale du traitement<\/strong><\/p>\n<p>Selon le type de traitement, la base l\u00e9gale est :<\/p>\n<p>Tout d\u2019abord, une gestion comptable sera effectu\u00e9e, incluant la facturation et l\u2019achat de billets, ainsi que la relation avec les clients et les fournisseurs. Ce traitement repose sur le maintien, le d\u00e9veloppement et le contr\u00f4le de la relation contractuelle existant entre les parties.<\/p>\n<p>De m\u00eame, les donn\u00e9es pourront \u00eatre utilis\u00e9es \u00e0 des fins de gestion fiscale, comprenant l\u2019application de retenues, de bonifications ou d\u2019autres obligations fiscales. La base l\u00e9gale de ce traitement est \u00e0 la fois le maintien de la relation contractuelle et le respect des obligations l\u00e9gales applicables.<\/p>\n<p>Par ailleurs, une gestion administrative sera mise en \u0153uvre, englobant des t\u00e2ches de logistique, de stockage, de livraison des produits au client et de r\u00e9ception des marchandises. Ce traitement est \u00e9galement fond\u00e9 sur le maintien, le d\u00e9veloppement et le contr\u00f4le de la relation contractuelle.<\/p>\n<p>Enfin, les donn\u00e9es pourront \u00eatre trait\u00e9es \u00e0 des fins de marketing, consistant en l\u2019envoi d\u2019actions commerciales concernant des produits ou des services, destin\u00e9es aux membres ou aux personnes ayant pr\u00e9alablement demand\u00e9 des informations, y compris la r\u00e9alisation d\u2019enqu\u00eates de satisfaction et la communication d\u2019activit\u00e9s culturelles propres \u00e0 Pemsa Leisure Sociedad Limitada. Ce traitement repose sur le consentement libre, sp\u00e9cifique et sans \u00e9quivoque de la personne concern\u00e9e.<\/p>\n<p>Il est express\u00e9ment pr\u00e9cis\u00e9 que le retrait du consentement pour les actions de marketing ne conditionnera en aucun cas l\u2019ex\u00e9cution du contrat pouvant exister entre les parties. De m\u00eame, le traitement pourra \u00eatre fond\u00e9 sur l\u2019int\u00e9r\u00eat l\u00e9gitime de la soci\u00e9t\u00e9 pour la promotion et la commercialisation de produits ou services similaires \u00e0 ceux pr\u00e9c\u00e9demment obtenus ou demand\u00e9s par les personnes concern\u00e9es.<\/p>\n<p>si vous ne fournissez pas vos donn\u00e9es personnelles, le contrat ne pourra \u00eatre ex\u00e9cut\u00e9 ni les obligations l\u00e9gales respect\u00e9es.<\/p>\n<p><strong>4.6. Destinataires des donn\u00e9es<\/strong><\/p>\n<p>Les donn\u00e9es ne seront pas communiqu\u00e9es \u00e0 des tiers \u00e0 des fins de marketing direct sauf autorisation expresse. Nous pouvons partager des donn\u00e9es avec les autorit\u00e9s publiques ou organismes comp\u00e9tents lorsque l\u00e9galement requis ou n\u00e9cessaire pour prot\u00e9ger les droits de l\u2019entreprise ou de ses clients.<\/p>\n<p>Les donn\u00e9es peuvent \u00e9galement \u00eatre partag\u00e9es avec des prestataires de services aidant \u00e0 g\u00e9rer le site ou services contract\u00e9s (support IT, logistique, comptabilit\u00e9, etc.) avec les m\u00eames obligations de s\u00e9curit\u00e9 et confidentialit\u00e9.<\/p>\n<p><strong>4.7. Transferts vers des pays tiers<\/strong><\/p>\n<p>Aucun transfert de donn\u00e9es vers des pays tiers n\u2019est pr\u00e9vu sauf demande expresse.<\/p>\n<p><strong>4.8. Vos droits<\/strong><\/p>\n<p>Vous avez le droit de savoir si vos donn\u00e9es sont trait\u00e9es et de demander acc\u00e8s, rectification, suppression, limitation, opposition et portabilit\u00e9, selon le cas. Vous pouvez retirer votre consentement \u00e0 tout moment sans affecter le traitement l\u00e9gal effectu\u00e9 avant le retrait. Les demandes doivent \u00eatre envoy\u00e9es par \u00e9crit avec copie de pi\u00e8ce d\u2019identit\u00e9 \u00e0 la Section 1.<\/p>\n<p>Vous pouvez \u00e9galement d\u00e9poser une plainte aupr\u00e8s de l\u2019Agence Espagnole de Protection des Donn\u00e9es : <a href=\"https:\/\/www.aepd.es\/\" target=\"_blank\" rel=\"noopener\">http:\/\/www.agpd.es\/portalwebAGPD\/index-ides-idphp.php<\/a><\/p>\n<p>Nous nous engageons \u00e0 ne pas envoyer d\u2019e-mails publicitaires sans consentement pr\u00e9alable. L\u2019utilisateur peut s\u2019opposer en cochant la case correspondante.<\/p>\n<p><strong>5. PROC\u00c9DURE EN CAS D\u2019ACTIVIT\u00c9S ILL\u00c9GALES<\/strong><\/p>\n<p>Si un utilisateur ou un tiers estime qu\u2019il existe des faits r\u00e9v\u00e9lant l\u2019ill\u00e9galit\u00e9 de l\u2019utilisation de contenus ou d\u2019activit\u00e9s sur le site, il doit notifier PLEISURE, s\u2019identifier, pr\u00e9ciser les infractions pr\u00e9sum\u00e9es et d\u00e9clarer que les informations fournies sont exactes.<\/p>\n<p>Le droit espagnol s\u2019applique \u00e0 tout litige concernant le site PLEISURE.<\/p>\n<p><strong>6. PUBLICATIONS<\/strong><\/p>\n<p>Les informations administratives sur le site ne remplacent pas la publication l\u00e9gale des lois, r\u00e8glements, plans, dispositions g\u00e9n\u00e9rales et actes publi\u00e9s officiellement, qui sont les seuls instruments faisant foi. Les informations du site sont \u00e0 titre indicatif et n\u2019ont pas de valeur l\u00e9gale.<\/p>\n<\/div><\/div><\/div><\/div><\/div>\n","protected":false},"excerpt":{"rendered":"","protected":false},"author":1,"featured_media":0,"parent":0,"menu_order":0,"comment_status":"closed","ping_status":"closed","template":"","meta":{"footnotes":""},"class_list":["post-3415","page","type-page","status-publish","hentry"],"yoast_head":"<!-- This site is optimized with the Yoast SEO plugin v27.4 - https:\/\/yoast.com\/product\/yoast-seo-wordpress\/ -->\n<title>Avis juridique - Fiestas del Poble Espanyol<\/title>\n<meta name=\"robots\" content=\"noindex, follow\" \/>\n<meta property=\"og:locale\" content=\"fr_FR\" \/>\n<meta property=\"og:type\" content=\"article\" \/>\n<meta property=\"og:title\" content=\"Avis juridique - Fiestas del Poble Espanyol\" \/>\n<meta property=\"og:url\" content=\"https:\/\/www.fiestapobleespanyol.com\/fr\/avis-juridique\/\" \/>\n<meta property=\"og:site_name\" content=\"Fiestas del Poble Espanyol\" \/>\n<meta property=\"article:modified_time\" content=\"2026-01-14T12:56:51+00:00\" \/>\n<meta name=\"twitter:card\" content=\"summary_large_image\" \/>\n<meta name=\"twitter:label1\" content=\"Dur\u00e9e de lecture estim\u00e9e\" \/>\n\t<meta name=\"twitter:data1\" content=\"8 minutes\" \/>\n<script type=\"application\/ld+json\" class=\"yoast-schema-graph\">{\"@context\":\"https:\\\/\\\/schema.org\",\"@graph\":[{\"@type\":\"WebPage\",\"@id\":\"https:\\\/\\\/www.fiestapobleespanyol.com\\\/fr\\\/avis-juridique\\\/\",\"url\":\"https:\\\/\\\/www.fiestapobleespanyol.com\\\/fr\\\/avis-juridique\\\/\",\"name\":\"Avis juridique - Fiestas del Poble Espanyol\",\"isPartOf\":{\"@id\":\"https:\\\/\\\/www.fiestapobleespanyol.com\\\/fr\\\/#website\"},\"datePublished\":\"2025-11-18T12:53:00+00:00\",\"dateModified\":\"2026-01-14T12:56:51+00:00\",\"breadcrumb\":{\"@id\":\"https:\\\/\\\/www.fiestapobleespanyol.com\\\/fr\\\/avis-juridique\\\/#breadcrumb\"},\"inLanguage\":\"fr-FR\",\"potentialAction\":[{\"@type\":\"ReadAction\",\"target\":[\"https:\\\/\\\/www.fiestapobleespanyol.com\\\/fr\\\/avis-juridique\\\/\"]}]},{\"@type\":\"BreadcrumbList\",\"@id\":\"https:\\\/\\\/www.fiestapobleespanyol.com\\\/fr\\\/avis-juridique\\\/#breadcrumb\",\"itemListElement\":[{\"@type\":\"ListItem\",\"position\":1,\"name\":\"Portada\",\"item\":\"https:\\\/\\\/www.fiestapobleespanyol.com\\\/fr\\\/\"},{\"@type\":\"ListItem\",\"position\":2,\"name\":\"Avis juridique\"}]},{\"@type\":\"WebSite\",\"@id\":\"https:\\\/\\\/www.fiestapobleespanyol.com\\\/fr\\\/#website\",\"url\":\"https:\\\/\\\/www.fiestapobleespanyol.com\\\/fr\\\/\",\"name\":\"Fiesta Fin de A\u00f1o del Poble Espanyol\",\"description\":\"Fiestas del Poble Espanyol\",\"publisher\":{\"@id\":\"https:\\\/\\\/www.fiestapobleespanyol.com\\\/fr\\\/#organization\"},\"potentialAction\":[{\"@type\":\"SearchAction\",\"target\":{\"@type\":\"EntryPoint\",\"urlTemplate\":\"https:\\\/\\\/www.fiestapobleespanyol.com\\\/fr\\\/?s={search_term_string}\"},\"query-input\":{\"@type\":\"PropertyValueSpecification\",\"valueRequired\":true,\"valueName\":\"search_term_string\"}}],\"inLanguage\":\"fr-FR\"},{\"@type\":\"Organization\",\"@id\":\"https:\\\/\\\/www.fiestapobleespanyol.com\\\/fr\\\/#organization\",\"name\":\"Fiesta Fin de A\u00f1o del Poble Espanyol\",\"url\":\"https:\\\/\\\/www.fiestapobleespanyol.com\\\/fr\\\/\",\"logo\":{\"@type\":\"ImageObject\",\"inLanguage\":\"fr-FR\",\"@id\":\"https:\\\/\\\/www.fiestapobleespanyol.com\\\/fr\\\/#\\\/schema\\\/logo\\\/image\\\/\",\"url\":\"https:\\\/\\\/www.fiestapobleespanyol.com\\\/wp-content\\\/uploads\\\/2024\\\/09\\\/fiesta-fin-de-ano-del-poble-espanyol-logo-e1725372860506.png\",\"contentUrl\":\"https:\\\/\\\/www.fiestapobleespanyol.com\\\/wp-content\\\/uploads\\\/2024\\\/09\\\/fiesta-fin-de-ano-del-poble-espanyol-logo-e1725372860506.png\",\"width\":258,\"height\":111,\"caption\":\"Fiesta Fin de A\u00f1o del Poble Espanyol\"},\"image\":{\"@id\":\"https:\\\/\\\/www.fiestapobleespanyol.com\\\/fr\\\/#\\\/schema\\\/logo\\\/image\\\/\"}}]}<\/script>\n<!-- \/ Yoast SEO plugin. -->","yoast_head_json":{"title":"Avis juridique - Fiestas del Poble Espanyol","robots":{"index":"noindex","follow":"follow"},"og_locale":"fr_FR","og_type":"article","og_title":"Avis juridique - Fiestas del Poble Espanyol","og_url":"https:\/\/www.fiestapobleespanyol.com\/fr\/avis-juridique\/","og_site_name":"Fiestas del Poble Espanyol","article_modified_time":"2026-01-14T12:56:51+00:00","twitter_card":"summary_large_image","twitter_misc":{"Dur\u00e9e de lecture estim\u00e9e":"8 minutes"},"schema":{"@context":"https:\/\/schema.org","@graph":[{"@type":"WebPage","@id":"https:\/\/www.fiestapobleespanyol.com\/fr\/avis-juridique\/","url":"https:\/\/www.fiestapobleespanyol.com\/fr\/avis-juridique\/","name":"Avis juridique - Fiestas del Poble Espanyol","isPartOf":{"@id":"https:\/\/www.fiestapobleespanyol.com\/fr\/#website"},"datePublished":"2025-11-18T12:53:00+00:00","dateModified":"2026-01-14T12:56:51+00:00","breadcrumb":{"@id":"https:\/\/www.fiestapobleespanyol.com\/fr\/avis-juridique\/#breadcrumb"},"inLanguage":"fr-FR","potentialAction":[{"@type":"ReadAction","target":["https:\/\/www.fiestapobleespanyol.com\/fr\/avis-juridique\/"]}]},{"@type":"BreadcrumbList","@id":"https:\/\/www.fiestapobleespanyol.com\/fr\/avis-juridique\/#breadcrumb","itemListElement":[{"@type":"ListItem","position":1,"name":"Portada","item":"https:\/\/www.fiestapobleespanyol.com\/fr\/"},{"@type":"ListItem","position":2,"name":"Avis juridique"}]},{"@type":"WebSite","@id":"https:\/\/www.fiestapobleespanyol.com\/fr\/#website","url":"https:\/\/www.fiestapobleespanyol.com\/fr\/","name":"Fiesta Fin de A\u00f1o del Poble Espanyol","description":"Fiestas del Poble Espanyol","publisher":{"@id":"https:\/\/www.fiestapobleespanyol.com\/fr\/#organization"},"potentialAction":[{"@type":"SearchAction","target":{"@type":"EntryPoint","urlTemplate":"https:\/\/www.fiestapobleespanyol.com\/fr\/?s={search_term_string}"},"query-input":{"@type":"PropertyValueSpecification","valueRequired":true,"valueName":"search_term_string"}}],"inLanguage":"fr-FR"},{"@type":"Organization","@id":"https:\/\/www.fiestapobleespanyol.com\/fr\/#organization","name":"Fiesta Fin de A\u00f1o del Poble Espanyol","url":"https:\/\/www.fiestapobleespanyol.com\/fr\/","logo":{"@type":"ImageObject","inLanguage":"fr-FR","@id":"https:\/\/www.fiestapobleespanyol.com\/fr\/#\/schema\/logo\/image\/","url":"https:\/\/www.fiestapobleespanyol.com\/wp-content\/uploads\/2024\/09\/fiesta-fin-de-ano-del-poble-espanyol-logo-e1725372860506.png","contentUrl":"https:\/\/www.fiestapobleespanyol.com\/wp-content\/uploads\/2024\/09\/fiesta-fin-de-ano-del-poble-espanyol-logo-e1725372860506.png","width":258,"height":111,"caption":"Fiesta Fin de A\u00f1o del Poble Espanyol"},"image":{"@id":"https:\/\/www.fiestapobleespanyol.com\/fr\/#\/schema\/logo\/image\/"}}]}},"_links":{"self":[{"href":"https:\/\/www.fiestapobleespanyol.com\/fr\/wp-json\/wp\/v2\/pages\/3415","targetHints":{"allow":["GET"]}}],"collection":[{"href":"https:\/\/www.fiestapobleespanyol.com\/fr\/wp-json\/wp\/v2\/pages"}],"about":[{"href":"https:\/\/www.fiestapobleespanyol.com\/fr\/wp-json\/wp\/v2\/types\/page"}],"author":[{"embeddable":true,"href":"https:\/\/www.fiestapobleespanyol.com\/fr\/wp-json\/wp\/v2\/users\/1"}],"replies":[{"embeddable":true,"href":"https:\/\/www.fiestapobleespanyol.com\/fr\/wp-json\/wp\/v2\/comments?post=3415"}],"version-history":[{"count":4,"href":"https:\/\/www.fiestapobleespanyol.com\/fr\/wp-json\/wp\/v2\/pages\/3415\/revisions"}],"predecessor-version":[{"id":3653,"href":"https:\/\/www.fiestapobleespanyol.com\/fr\/wp-json\/wp\/v2\/pages\/3415\/revisions\/3653"}],"wp:attachment":[{"href":"https:\/\/www.fiestapobleespanyol.com\/fr\/wp-json\/wp\/v2\/media?parent=3415"}],"curies":[{"name":"wp","href":"https:\/\/api.w.org\/{rel}","templated":true}]}}