{"id":3406,"date":"2025-11-18T13:47:23","date_gmt":"2025-11-18T12:47:23","guid":{"rendered":"https:\/\/www.fiestapobleespanyol.com\/politique-relative-aux-cookies\/"},"modified":"2025-11-18T13:47:23","modified_gmt":"2025-11-18T12:47:23","slug":"politique-relative-aux-cookies","status":"publish","type":"page","link":"https:\/\/www.fiestapobleespanyol.com\/fr\/politique-relative-aux-cookies\/","title":{"rendered":"Politique relative aux cookies"},"content":{"rendered":"<div class=\"fusion-fullwidth fullwidth-box fusion-builder-row-1 fusion-flex-container has-pattern-background has-mask-background nonhundred-percent-fullwidth non-hundred-percent-height-scrolling\" style=\"--awb-border-radius-top-left:0px;--awb-border-radius-top-right:0px;--awb-border-radius-bottom-right:0px;--awb-border-radius-bottom-left:0px;--awb-flex-wrap:wrap;\" ><div class=\"fusion-builder-row fusion-row fusion-flex-align-items-flex-start fusion-flex-content-wrap\" style=\"max-width:2496px;margin-left: calc(-4% \/ 2 );margin-right: calc(-4% \/ 2 );\"><div class=\"fusion-layout-column fusion_builder_column fusion-builder-column-0 fusion_builder_column_1_1 1_1 fusion-flex-column\" style=\"--awb-bg-size:cover;--awb-width-large:100%;--awb-margin-top-large:0px;--awb-spacing-right-large:1.92%;--awb-margin-bottom-large:20px;--awb-spacing-left-large:1.92%;--awb-width-medium:100%;--awb-order-medium:0;--awb-spacing-right-medium:1.92%;--awb-spacing-left-medium:1.92%;--awb-width-small:100%;--awb-order-small:0;--awb-spacing-right-small:1.92%;--awb-spacing-left-small:1.92%;\"><div class=\"fusion-column-wrapper fusion-column-has-shadow fusion-flex-justify-content-flex-start fusion-content-layout-column\"><div class=\"fusion-text fusion-text-1\"><h1>INFORMATIONS SUPPL\u00c9MENTAIRES SUR NOTRE POLITIQUE DE COOKIES<\/h1>\n<p>PEMSA LEISURE, S.L. peut recueillir des informations sur les habitudes de navigation des utilisateurs du site web au moyen de cookies ou de fichiers journaux. Les cookies ne seront pas utilis\u00e9es pour collecter des informations personnelles. Elles ne seront install\u00e9es que si l\u2019Utilisateur reste et continue de naviguer sur notre site web, ce qui implique qu\u2019il consent \u00e0 leur utilisation et installation. Vous trouverez ci-apr\u00e8s des informations d\u00e9taill\u00e9es sur ce qu\u2019est un cookie, \u00e0 quoi il sert, quels types de cookies nous utilisons, quelles sont leurs finalit\u00e9s et comment vous pouvez les configurer ou les d\u00e9sactiver si vous le souhaitez.<\/p>\n<ol type=\"A\">\n<li>\n<h2>Qu\u2019est-ce qu\u2019un cookie et \u00e0 quoi sert-il ?<\/h2>\n<p>Un \u00ab cookie \u00bb est un petit fichier qui est stock\u00e9 sur l\u2019ordinateur de l\u2019utilisateur, une tablette, un smartphone ou tout autre appareil contenant des informations sur la navigation.<br \/>\nL\u2019ensemble des \u00ab cookies \u00bb de tous nos utilisateurs nous aide \u00e0 am\u00e9liorer la qualit\u00e9 de notre site web, en nous permettant de contr\u00f4ler quelles pages sont utiles, lesquelles ne le sont pas et lesquelles peuvent \u00eatre am\u00e9lior\u00e9es.<br \/>\nLes cookies sont essentielles au fonctionnement d\u2019Internet, apportant d\u2019innombrables avantages dans la fourniture de services interactifs, facilitant la navigation et l\u2019utilisabilit\u00e9 de notre site web.<\/p>\n<p>En aucun cas les cookies ne peuvent endommager votre appareil. Au contraire, le fait qu\u2019elles soient activ\u00e9es nous aide \u00e0 identifier et r\u00e9soudre des erreurs.<\/li>\n<li>\n<h2>Quels types de cookies utilisons-nous ?<\/h2>\n<h3>Selon l\u2019entit\u00e9 qui les g\u00e8re :<\/h3>\n<ul>\n<li><b>Cookies propres<\/b> : Ce sont celles envoy\u00e9es \u00e0 votre appareil depuis nos propres \u00e9quipements ou domaines et \u00e0 partir desquels nous fournissons le service que vous demandez.<\/li>\n<li><b>Cookies de tiers<\/b> : Ce sont celles envoy\u00e9es \u00e0 votre appareil depuis un \u00e9quipement ou un domaine qui n\u2019est pas g\u00e9r\u00e9 par nous, mais par une autre entit\u00e9 partenaire. Par exemple, celles utilis\u00e9es par les r\u00e9seaux sociaux ou par du contenu externe tel que Google Maps.<\/li>\n<\/ul>\n<h3>Selon la dur\u00e9e pendant laquelle elles restent activ\u00e9es :<\/h3>\n<ul>\n<li><b>Cookies de session<\/b> : Ce sont des cookies temporaires qui restent dans le fichier de cookies de votre navigateur jusqu\u2019\u00e0 ce que l\u2019Utilisateur quitte le site web, de sorte qu\u2019aucune n\u2019est enregistr\u00e9e sur le disque dur de son ordinateur. Les informations obtenues par ces cookies servent \u00e0 analyser des sch\u00e9mas de trafic sur le site. \u00c0 long terme, cela nous permet d\u2019offrir une meilleure exp\u00e9rience, d\u2019am\u00e9liorer le contenu et d\u2019en faciliter l\u2019utilisation.<\/li>\n<li><b>Cookies persistantes<\/b> : Elles sont stock\u00e9es sur le disque dur et notre site les lit \u00e0 chaque nouvelle visite de l\u2019Utilisateur. Un cookie permanent poss\u00e8de une date d\u2019expiration d\u00e9termin\u00e9e. Il cessera de fonctionner apr\u00e8s cette date. Ces cookies sont g\u00e9n\u00e9ralement utilis\u00e9es pour faciliter les services d\u2019achat et d\u2019inscription.<\/li>\n<\/ul>\n<h3>Selon leur finalit\u00e9 :<\/h3>\n<ul>\n<li><b>Cookies techniques<\/b> : Elles sont n\u00e9cessaires \u00e0 la navigation et au bon fonctionnement de notre site web. Elles permettent, par exemple, de contr\u00f4ler le trafic et la communication de donn\u00e9es, d\u2019acc\u00e9der \u00e0 des zones \u00e0 acc\u00e8s restreint, d\u2019effectuer le processus d\u2019achat d\u2019une commande, d\u2019utiliser des \u00e9l\u00e9ments de s\u00e9curit\u00e9, d\u2019enregistrer des contenus pour diffuser des vid\u00e9os ou partager des contenus via les r\u00e9seaux sociaux.<\/li>\n<li><b>Cookies de personnalisation<\/b> : Elles permettent \u00e0 l\u2019Utilisateur d\u2019acc\u00e9der au service avec des caract\u00e9ristiques pr\u00e9d\u00e9finies en fonction d\u2019une s\u00e9rie de crit\u00e8res, tels que la langue, le type de navigateur utilis\u00e9 pour acc\u00e9der au service, la configuration r\u00e9gionale \u00e0 partir de laquelle on acc\u00e8de au service, etc.<\/li>\n<li><b>Cookies d\u2019analyse<\/b> : Elles nous permettent de quantifier le nombre d\u2019utilisateurs et ainsi d\u2019effectuer la mesure et l\u2019analyse statistique de l\u2019utilisation faite des services fournis. Pour cela, nous analysons votre navigation sur notre site web afin d\u2019am\u00e9liorer l\u2019offre de produits et services que nous proposons.<\/li>\n<li><b>Cookies publicitaires<\/b> : Elles permettent la gestion, de la mani\u00e8re la plus efficace possible, des espaces publicitaires qui pourraient \u00eatre inclus sur notre site web.<\/li>\n<li><b>Cookies de publicit\u00e9 comportementale<\/b> : Ces cookies stockent des informations sur le comportement des utilisateurs obtenues par l\u2019observation continue. Gr\u00e2ce \u00e0 elles, nous pouvons conna\u00eetre les habitudes de navigation sur Internet et vous montrer de la publicit\u00e9 li\u00e9e \u00e0 votre profil de navigation.<\/li>\n<\/ul>\n<h3>Finalit\u00e9 de chaque cookie utilis\u00e9e :<\/h3>\n<p>Vous trouverez ci-dessous le d\u00e9tail des cookies utilis\u00e9es sur notre site web et le fournisseur auquel elles appartiennent. Les cookies propres appartiennent \u00e0 notre domaine et les cookies de tiers appartiennent \u00e0 d\u2019autres domaines selon le tableau suivant :<\/p>\n<div style=\"overflow-x: auto;\">\n<style>\n\t\t\ttable { border-collapse: collapse; border-spacing: 0; width: 100%; border: 1px solid #ddd; margin-bottom: 20px; }<br \/>\n\t\t\tth, td { text-align: left; padding: 8px; border: 1px solid #ddd; }<br \/>\n\t\t\t<\/style>\n<table>\n<tbody>\n<tr>\n<th>Cookie<\/th>\n<th>Nom<\/th>\n<th>Type<\/th>\n<th>Finalit\u00e9<\/th>\n<th>Plus d\u2019informations<\/th>\n<\/tr>\n<tr>\n<td>Google Analytics<\/td>\n<td>__utma, __utmb, __utmc, __utmz<\/td>\n<td>De tiers, analytiques et cookies persistants<\/td>\n<td>Recueillir des informations sur la navigation des utilisateurs sur le site afin de conna\u00eetre l\u2019origine des visites et d\u2019autres donn\u00e9es similaires au niveau statistique. Aucune donn\u00e9e concernant les noms, pr\u00e9noms ou adresses postales pr\u00e9cises des utilisateurs n\u2019est obtenue.<\/td>\n<td><a href=\"http:\/\/www.google.com\/intl\/es\/analytics\/privacyoverview.html\" target=\"_blank\" rel=\"noopener\">Google Analytics<\/a> <a href=\"http:\/\/www.google.com\/intl\/es\/privacy.html\" target=\"_blank\" rel=\"noopener\">Centre de confidentialit\u00e9 Google<\/a><\/td>\n<\/tr>\n<\/tbody>\n<\/table>\n<\/div>\n<\/li>\n<\/ol>\n<h2>Comment l\u2019Utilisateur peut-il configurer ou d\u00e9sactiver les cookies ?<\/h2>\n<p>Vous pouvez <b>autoriser, bloquer ou supprimer les cookies install\u00e9es sur votre appareil<\/b> en configurant les options de votre navigateur Internet. Si vous n\u2019autorisez pas l\u2019installation de cookies dans votre navigateur, il est possible que vous ne puissiez pas acc\u00e9der \u00e0 certains services et que votre exp\u00e9rience sur le site web soit moins satisfaisante.<\/p>\n<ul>\n<li><a href=\"http:\/\/support.mozilla.org\/es\/kb\/habilitar-y-deshabilitar-cookies-que-los-sitios-we\" target=\"_blank\" rel=\"noopener\">Firefox<\/a><\/li>\n<li><a href=\"http:\/\/support.google.com\/chrome\/bin\/answer.py?hl=es&amp;answer=95647\" target=\"_blank\" rel=\"noopener\">Chrome<\/a><\/li>\n<li><a href=\"https:\/\/support.microsoft.com\/es-es\/help\/17442\" target=\"_blank\" rel=\"noopener\">Explorer<\/a><\/li>\n<li><a href=\"http:\/\/support.apple.com\/kb\/ph5042\" target=\"_blank\" rel=\"noopener\">Safari<\/a><\/li>\n<li><a href=\"http:\/\/help.opera.com\/Windows\/11.50\/es-ES\/cookies.html\" target=\"_blank\" rel=\"noopener\">Opera<\/a><\/li>\n<li>Autres navigateurs : consultez la documentation du navigateur que vous avez install\u00e9.<\/li>\n<\/ul>\n<\/div><\/div><\/div><\/div><\/div>\n","protected":false},"excerpt":{"rendered":"","protected":false},"author":1,"featured_media":0,"parent":0,"menu_order":0,"comment_status":"closed","ping_status":"closed","template":"","meta":{"footnotes":""},"class_list":["post-3406","page","type-page","status-publish","hentry"],"yoast_head":"<!-- This site is optimized with the Yoast SEO plugin v27.4 - https:\/\/yoast.com\/product\/yoast-seo-wordpress\/ -->\n<title>Politique relative aux cookies - Fiestas del Poble Espanyol<\/title>\n<meta name=\"robots\" content=\"noindex, follow\" \/>\n<meta property=\"og:locale\" content=\"fr_FR\" \/>\n<meta property=\"og:type\" content=\"article\" \/>\n<meta property=\"og:title\" content=\"Politique relative aux cookies - Fiestas del Poble Espanyol\" \/>\n<meta property=\"og:url\" content=\"https:\/\/www.fiestapobleespanyol.com\/fr\/politique-relative-aux-cookies\/\" \/>\n<meta property=\"og:site_name\" content=\"Fiestas del Poble Espanyol\" \/>\n<meta name=\"twitter:card\" content=\"summary_large_image\" \/>\n<meta name=\"twitter:label1\" content=\"Dur\u00e9e de lecture estim\u00e9e\" \/>\n\t<meta name=\"twitter:data1\" content=\"9 minutes\" \/>\n<script type=\"application\/ld+json\" class=\"yoast-schema-graph\">{\"@context\":\"https:\\\/\\\/schema.org\",\"@graph\":[{\"@type\":\"WebPage\",\"@id\":\"https:\\\/\\\/www.fiestapobleespanyol.com\\\/fr\\\/politique-relative-aux-cookies\\\/\",\"url\":\"https:\\\/\\\/www.fiestapobleespanyol.com\\\/fr\\\/politique-relative-aux-cookies\\\/\",\"name\":\"Politique relative aux cookies - Fiestas del Poble Espanyol\",\"isPartOf\":{\"@id\":\"https:\\\/\\\/www.fiestapobleespanyol.com\\\/fr\\\/#website\"},\"datePublished\":\"2025-11-18T12:47:23+00:00\",\"breadcrumb\":{\"@id\":\"https:\\\/\\\/www.fiestapobleespanyol.com\\\/fr\\\/politique-relative-aux-cookies\\\/#breadcrumb\"},\"inLanguage\":\"fr-FR\",\"potentialAction\":[{\"@type\":\"ReadAction\",\"target\":[\"https:\\\/\\\/www.fiestapobleespanyol.com\\\/fr\\\/politique-relative-aux-cookies\\\/\"]}]},{\"@type\":\"BreadcrumbList\",\"@id\":\"https:\\\/\\\/www.fiestapobleespanyol.com\\\/fr\\\/politique-relative-aux-cookies\\\/#breadcrumb\",\"itemListElement\":[{\"@type\":\"ListItem\",\"position\":1,\"name\":\"Portada\",\"item\":\"https:\\\/\\\/www.fiestapobleespanyol.com\\\/fr\\\/\"},{\"@type\":\"ListItem\",\"position\":2,\"name\":\"Politique relative aux cookies\"}]},{\"@type\":\"WebSite\",\"@id\":\"https:\\\/\\\/www.fiestapobleespanyol.com\\\/fr\\\/#website\",\"url\":\"https:\\\/\\\/www.fiestapobleespanyol.com\\\/fr\\\/\",\"name\":\"Fiesta Fin de A\u00f1o del Poble Espanyol\",\"description\":\"Fiestas del Poble Espanyol\",\"publisher\":{\"@id\":\"https:\\\/\\\/www.fiestapobleespanyol.com\\\/fr\\\/#organization\"},\"potentialAction\":[{\"@type\":\"SearchAction\",\"target\":{\"@type\":\"EntryPoint\",\"urlTemplate\":\"https:\\\/\\\/www.fiestapobleespanyol.com\\\/fr\\\/?s={search_term_string}\"},\"query-input\":{\"@type\":\"PropertyValueSpecification\",\"valueRequired\":true,\"valueName\":\"search_term_string\"}}],\"inLanguage\":\"fr-FR\"},{\"@type\":\"Organization\",\"@id\":\"https:\\\/\\\/www.fiestapobleespanyol.com\\\/fr\\\/#organization\",\"name\":\"Fiesta Fin de A\u00f1o del Poble Espanyol\",\"url\":\"https:\\\/\\\/www.fiestapobleespanyol.com\\\/fr\\\/\",\"logo\":{\"@type\":\"ImageObject\",\"inLanguage\":\"fr-FR\",\"@id\":\"https:\\\/\\\/www.fiestapobleespanyol.com\\\/fr\\\/#\\\/schema\\\/logo\\\/image\\\/\",\"url\":\"https:\\\/\\\/www.fiestapobleespanyol.com\\\/wp-content\\\/uploads\\\/2024\\\/09\\\/fiesta-fin-de-ano-del-poble-espanyol-logo-e1725372860506.png\",\"contentUrl\":\"https:\\\/\\\/www.fiestapobleespanyol.com\\\/wp-content\\\/uploads\\\/2024\\\/09\\\/fiesta-fin-de-ano-del-poble-espanyol-logo-e1725372860506.png\",\"width\":258,\"height\":111,\"caption\":\"Fiesta Fin de A\u00f1o del Poble Espanyol\"},\"image\":{\"@id\":\"https:\\\/\\\/www.fiestapobleespanyol.com\\\/fr\\\/#\\\/schema\\\/logo\\\/image\\\/\"}}]}<\/script>\n<!-- \/ Yoast SEO plugin. -->","yoast_head_json":{"title":"Politique relative aux cookies - Fiestas del Poble Espanyol","robots":{"index":"noindex","follow":"follow"},"og_locale":"fr_FR","og_type":"article","og_title":"Politique relative aux cookies - Fiestas del Poble Espanyol","og_url":"https:\/\/www.fiestapobleespanyol.com\/fr\/politique-relative-aux-cookies\/","og_site_name":"Fiestas del Poble Espanyol","twitter_card":"summary_large_image","twitter_misc":{"Dur\u00e9e de lecture estim\u00e9e":"9 minutes"},"schema":{"@context":"https:\/\/schema.org","@graph":[{"@type":"WebPage","@id":"https:\/\/www.fiestapobleespanyol.com\/fr\/politique-relative-aux-cookies\/","url":"https:\/\/www.fiestapobleespanyol.com\/fr\/politique-relative-aux-cookies\/","name":"Politique relative aux cookies - Fiestas del Poble Espanyol","isPartOf":{"@id":"https:\/\/www.fiestapobleespanyol.com\/fr\/#website"},"datePublished":"2025-11-18T12:47:23+00:00","breadcrumb":{"@id":"https:\/\/www.fiestapobleespanyol.com\/fr\/politique-relative-aux-cookies\/#breadcrumb"},"inLanguage":"fr-FR","potentialAction":[{"@type":"ReadAction","target":["https:\/\/www.fiestapobleespanyol.com\/fr\/politique-relative-aux-cookies\/"]}]},{"@type":"BreadcrumbList","@id":"https:\/\/www.fiestapobleespanyol.com\/fr\/politique-relative-aux-cookies\/#breadcrumb","itemListElement":[{"@type":"ListItem","position":1,"name":"Portada","item":"https:\/\/www.fiestapobleespanyol.com\/fr\/"},{"@type":"ListItem","position":2,"name":"Politique relative aux cookies"}]},{"@type":"WebSite","@id":"https:\/\/www.fiestapobleespanyol.com\/fr\/#website","url":"https:\/\/www.fiestapobleespanyol.com\/fr\/","name":"Fiesta Fin de A\u00f1o del Poble Espanyol","description":"Fiestas del Poble Espanyol","publisher":{"@id":"https:\/\/www.fiestapobleespanyol.com\/fr\/#organization"},"potentialAction":[{"@type":"SearchAction","target":{"@type":"EntryPoint","urlTemplate":"https:\/\/www.fiestapobleespanyol.com\/fr\/?s={search_term_string}"},"query-input":{"@type":"PropertyValueSpecification","valueRequired":true,"valueName":"search_term_string"}}],"inLanguage":"fr-FR"},{"@type":"Organization","@id":"https:\/\/www.fiestapobleespanyol.com\/fr\/#organization","name":"Fiesta Fin de A\u00f1o del Poble Espanyol","url":"https:\/\/www.fiestapobleespanyol.com\/fr\/","logo":{"@type":"ImageObject","inLanguage":"fr-FR","@id":"https:\/\/www.fiestapobleespanyol.com\/fr\/#\/schema\/logo\/image\/","url":"https:\/\/www.fiestapobleespanyol.com\/wp-content\/uploads\/2024\/09\/fiesta-fin-de-ano-del-poble-espanyol-logo-e1725372860506.png","contentUrl":"https:\/\/www.fiestapobleespanyol.com\/wp-content\/uploads\/2024\/09\/fiesta-fin-de-ano-del-poble-espanyol-logo-e1725372860506.png","width":258,"height":111,"caption":"Fiesta Fin de A\u00f1o del Poble Espanyol"},"image":{"@id":"https:\/\/www.fiestapobleespanyol.com\/fr\/#\/schema\/logo\/image\/"}}]}},"_links":{"self":[{"href":"https:\/\/www.fiestapobleespanyol.com\/fr\/wp-json\/wp\/v2\/pages\/3406","targetHints":{"allow":["GET"]}}],"collection":[{"href":"https:\/\/www.fiestapobleespanyol.com\/fr\/wp-json\/wp\/v2\/pages"}],"about":[{"href":"https:\/\/www.fiestapobleespanyol.com\/fr\/wp-json\/wp\/v2\/types\/page"}],"author":[{"embeddable":true,"href":"https:\/\/www.fiestapobleespanyol.com\/fr\/wp-json\/wp\/v2\/users\/1"}],"replies":[{"embeddable":true,"href":"https:\/\/www.fiestapobleespanyol.com\/fr\/wp-json\/wp\/v2\/comments?post=3406"}],"version-history":[{"count":2,"href":"https:\/\/www.fiestapobleespanyol.com\/fr\/wp-json\/wp\/v2\/pages\/3406\/revisions"}],"predecessor-version":[{"id":3408,"href":"https:\/\/www.fiestapobleespanyol.com\/fr\/wp-json\/wp\/v2\/pages\/3406\/revisions\/3408"}],"wp:attachment":[{"href":"https:\/\/www.fiestapobleespanyol.com\/fr\/wp-json\/wp\/v2\/media?parent=3406"}],"curies":[{"name":"wp","href":"https:\/\/api.w.org\/{rel}","templated":true}]}}