{"id":3378,"date":"2025-11-17T17:53:31","date_gmt":"2025-11-17T16:53:31","guid":{"rendered":"https:\/\/www.fiestapobleespanyol.com\/politica-de-cookies\/"},"modified":"2026-01-14T13:29:34","modified_gmt":"2026-01-14T12:29:34","slug":"politica-de-cookies","status":"publish","type":"page","link":"https:\/\/www.fiestapobleespanyol.com\/ca\/politica-de-cookies\/","title":{"rendered":"Pol\u00edtica de cookies"},"content":{"rendered":"<div class=\"fusion-fullwidth fullwidth-box fusion-builder-row-1 fusion-flex-container has-pattern-background has-mask-background nonhundred-percent-fullwidth non-hundred-percent-height-scrolling\" style=\"--awb-border-radius-top-left:0px;--awb-border-radius-top-right:0px;--awb-border-radius-bottom-right:0px;--awb-border-radius-bottom-left:0px;--awb-flex-wrap:wrap;\" ><div class=\"fusion-builder-row fusion-row fusion-flex-align-items-flex-start fusion-flex-content-wrap\" style=\"max-width:2496px;margin-left: calc(-4% \/ 2 );margin-right: calc(-4% \/ 2 );\"><div class=\"fusion-layout-column fusion_builder_column fusion-builder-column-0 fusion_builder_column_1_1 1_1 fusion-flex-column\" style=\"--awb-bg-size:cover;--awb-width-large:100%;--awb-margin-top-large:0px;--awb-spacing-right-large:1.92%;--awb-margin-bottom-large:20px;--awb-spacing-left-large:1.92%;--awb-width-medium:100%;--awb-order-medium:0;--awb-spacing-right-medium:1.92%;--awb-spacing-left-medium:1.92%;--awb-width-small:100%;--awb-order-small:0;--awb-spacing-right-small:1.92%;--awb-spacing-left-small:1.92%;\"><div class=\"fusion-column-wrapper fusion-column-has-shadow fusion-flex-justify-content-flex-start fusion-content-layout-column\"><div class=\"fusion-text fusion-text-1\"><h1>INFORMACI\u00d3 ADDICIONAL SOBRE LA NOSTRA POL\u00cdTICA DE COOKIES<\/h1>\n<p>PEMSA LEISURE, S.L. pot recopilar informaci\u00f3 sobre els h\u00e0bits de navegaci\u00f3 dels usuaris del website mitjan\u00e7ant cookies o fitxers de registre. No s\u2019utilitzaran les cookies per recollir informaci\u00f3 de car\u00e0cter personal. Nom\u00e9s s\u2019instal\u00b7laran si l\u2019Usuari roman i continua navegant al nostre lloc web, entenent que en consent el seu \u00fas i instal\u00b7laci\u00f3. A continuaci\u00f3, proporcionem informaci\u00f3 detallada sobre qu\u00e8 \u00e9s una cookie, per a qu\u00e8 serveix, quins tipus de cookies utilitzem, quines s\u00f3n les seves finalitats i com pot configurar-les o desactivar-les si aix\u00ed ho desitja.<\/p>\n<ol type=\"A\">\n<li>\n<h2>Qu\u00e8 \u00e9s una cookie i per a qu\u00e8 serveix?<\/h2>\n<p>Una &#8220;Cookie&#8221; \u00e9s un petit fitxer que s\u2019emmagatzema a l\u2019ordinador de l\u2019usuari, tauleta, smartphone o qualsevol altre dispositiu amb informaci\u00f3 sobre la navegaci\u00f3.<br \/>\nEl conjunt de &#8220;cookies&#8221; de tots els nostres usuaris ens ajuda a millorar la qualitat del nostre web, permetent-nos controlar quines p\u00e0gines s\u00f3n \u00fatils, quines no i quines s\u00f3n susceptibles de millora.<br \/>\nLes cookies s\u00f3n essencials per al funcionament d\u2019Internet, aportant nombrosos avantatges en la prestaci\u00f3 de serveis interactius, facilitant la navegaci\u00f3 i la usabilitat del nostre website.<\/p>\n<p>En cap cas les cookies podrien malmetre el seu equip. Al contrari, que estiguin actives ens ajuda a identificar i resoldre errors.<\/li>\n<li>\n<h2>Quins tipus de cookies utilitzem?<\/h2>\n<h3>Segons l\u2019entitat que les gestiona:<\/h3>\n<ul>\n<li><b>Cookies pr\u00f2pies<\/b>: S\u00f3n aquelles que s\u2019envien al seu equip des dels nostres propis equips o dominis i des dels quals prestem el servei que ens sol\u00b7licita.<\/li>\n<li><b>Cookies de tercers<\/b>: S\u00f3n aquelles que s\u2019envien al seu equip des d\u2019un equip o domini que no \u00e9s gestionat per nosaltres, sin\u00f3 per una altra entitat col\u00b7laboradora. Com, per exemple, les utilitzades per xarxes socials o per contingut extern com Google Maps.<\/li>\n<\/ul>\n<h3>Segons el termini de temps que romanen activades:<\/h3>\n<ul>\n<li><b>Cookies de sessi\u00f3<\/b>: S\u00f3n cookies temporals que romanen al fitxer de cookies del seu navegador fins que l\u2019Usuari abandona la p\u00e0gina web, de manera que no queda registrada cap al disc dur del seu ordinador. La informaci\u00f3 obtinguda mitjan\u00e7ant aquestes cookies serveix per analitzar patrons de tr\u00e0nsit al website. A la llarga, aix\u00f2 ens permet proporcionar una millor experi\u00e8ncia per millorar el contingut i facilitar-ne l\u2019\u00fas.<\/li>\n<li><b>Cookies persistents<\/b>: s\u2019emmagatzemen al disc dur i la nostra web les llegeix cada vegada que l\u2019Usuari fa una nova visita. Una cookie permanent t\u00e9 una data d\u2019expiraci\u00f3 determinada. La cookie deixar\u00e0 de funcionar despr\u00e9s d\u2019aquesta data. Aquestes cookies les utilitzem, generalment, per facilitar els serveis de compra i registre.<\/li>\n<\/ul>\n<h3>Segons la seva finalitat:<\/h3>\n<ul>\n<li><b>Cookies t\u00e8cniques<\/b>: S\u00f3n aquelles necess\u00e0ries per a la navegaci\u00f3 i el bon funcionament del nostre website. Permeten, per exemple, controlar el tr\u00e0nsit i la comunicaci\u00f3 de dades, accedir a parts d\u2019acc\u00e9s restringit, realitzar el proc\u00e9s de compra d\u2019una comanda, utilitzar elements de seguretat, emmagatzemar continguts per poder difondre v\u00eddeos o compartir continguts a trav\u00e9s de xarxes socials.<\/li>\n<li><b>Cookies de personalitzaci\u00f3<\/b>: S\u00f3n aquelles que permeten a l\u2019Usuari accedir al servei amb unes caracter\u00edstiques predefinides en funci\u00f3 d\u2019una s\u00e8rie de criteris, com per exemple l\u2019idioma, el tipus de navegador a trav\u00e9s del qual s\u2019accedeix al servei, la configuraci\u00f3 regional des d\u2019on s\u2019accedeix al servei, etc.<\/li>\n<li><b>Cookies d\u2019an\u00e0lisi<\/b>: S\u00f3n aquelles que ens permeten quantificar el nombre d\u2019usuaris i aix\u00ed realitzar la mesura i an\u00e0lisi estad\u00edstica de la utilitzaci\u00f3 que fan els usuaris dels serveis prestats. Per a aix\u00f2 s\u2019analitza la seva navegaci\u00f3 al nostre website amb la finalitat de millorar l\u2019oferta de productes i serveis que oferim.<\/li>\n<li><b>Cookies publicit\u00e0ries<\/b>: S\u00f3n aquelles que permeten la gesti\u00f3, de la manera m\u00e9s efica\u00e7 possible, dels espais publicitaris que es puguin incloure al nostre website.<\/li>\n<li><b>Cookies de publicitat comportamental<\/b>: Aquestes cookies emmagatzemen informaci\u00f3 del comportament dels usuaris obtinguda a trav\u00e9s de l\u2019observaci\u00f3 continuada. Gr\u00e0cies a elles, podem con\u00e8ixer els h\u00e0bits de navegaci\u00f3 a Internet i mostrar-li publicitat relacionada amb el seu perfil de navegaci\u00f3.<\/li>\n<\/ul>\n<h3>Finalitat de cadascuna de les cookies utilitzades:<\/h3>\n<p>A continuaci\u00f3, detallem les cookies utilitzades al nostre web i el prove\u00efdor al qual pertanyen. Les cookies pr\u00f2pies s\u00f3n les que pertanyen al nostre domini i les cookies de tercers s\u00f3n les que pertanyen a altres dominis segons la taula seg\u00fcent:<\/p>\n<div style=\"overflow-x: auto;\">\n<style>\n\t\t\ttable { border-collapse: collapse; border-spacing: 0; width: 100%; border: 1px solid #ddd; margin-bottom: 20px; }<br \/>\t\t\tth, td { text-align: left; padding: 8px; border: 1px solid #ddd; }<br \/>\t\t\t<\/style>\n<table>\n<tbody>\n<tr>\n<th>Cookie<\/th>\n<th>Nom<\/th>\n<th>Tipus<\/th>\n<th>Prop\u00f2sit<\/th>\n<th>M\u00e9s informaci\u00f3<\/th>\n<\/tr>\n<tr>\n<td>Google Analytics<\/td>\n<td>__utma, __utmb, __utmc, __utmz<\/td>\n<td>De tercers, anal\u00edtiques i cookies permanents<\/td>\n<td>Recollir informaci\u00f3 sobre la navegaci\u00f3 dels usuaris pel lloc amb la finalitat de con\u00e8ixer l\u2019origen de les visites i altres dades similars a nivell estad\u00edstic. No obt\u00e9 dades dels noms o cognoms dels usuaris ni de l\u2019adre\u00e7a postal concreta des d\u2019on es connecten.<\/td>\n<td><a href=\"http:\/\/www.google.com\/intl\/es\/analytics\/privacyoverview.html\" target=\"_blank\" rel=\"noopener\">Google Analytics<\/a> <a href=\"http:\/\/www.google.com\/intl\/es\/privacy.html\" target=\"_blank\" rel=\"noopener\">Centre de privadesa de Google<\/a><\/td>\n<\/tr>\n<\/tbody>\n<\/table>\n<\/div>\n<\/li>\n<\/ol>\n<p>&nbsp;<\/p>\n<h2>Com pot l\u2019Usuari configurar o desactivar les cookies?<\/h2>\n<p>Pot <b>permetre, bloquejar o eliminar les cookies instal\u00b7lades al seu equip<\/b> mitjan\u00e7ant la configuraci\u00f3 de les opcions del seu navegador d\u2019Internet. En cas que no permeti la instal\u00b7laci\u00f3 de cookies al seu navegador \u00e9s possible que no pugui accedir a alguns dels serveis i que la seva experi\u00e8ncia al website pugui resultar menys satisfact\u00f2ria.<\/p>\n<ul>\n<li><a href=\"http:\/\/support.mozilla.org\/es\/kb\/habilitar-y-deshabilitar-cookies-que-los-sitios-we\" target=\"_blank\" rel=\"noopener\">Firefox<\/a><\/li>\n<li><a href=\"http:\/\/support.google.com\/chrome\/bin\/answer.py?hl=es&amp;answer=95647\" target=\"_blank\" rel=\"noopener\">Chrome<\/a><\/li>\n<li><a href=\"https:\/\/support.microsoft.com\/es-es\/help\/17442\" target=\"_blank\" rel=\"noopener\">Explorer<\/a><\/li>\n<li><a href=\"http:\/\/support.apple.com\/kb\/ph5042\" target=\"_blank\" rel=\"noopener\">Safari<\/a><\/li>\n<li><a href=\"http:\/\/help.opera.com\/Windows\/11.50\/es-ES\/cookies.html\" target=\"_blank\" rel=\"noopener\">Opera<\/a><\/li>\n<li>Altres navegadors: consulteu la documentaci\u00f3 del navegador que tingueu instal\u00b7lat.<\/li>\n<\/ul>\n<\/div><\/div><\/div><\/div><\/div>\n","protected":false},"excerpt":{"rendered":"","protected":false},"author":1,"featured_media":0,"parent":0,"menu_order":0,"comment_status":"closed","ping_status":"closed","template":"","meta":{"footnotes":""},"class_list":["post-3378","page","type-page","status-publish","hentry"],"yoast_head":"<!-- This site is optimized with the Yoast SEO plugin v27.4 - https:\/\/yoast.com\/product\/yoast-seo-wordpress\/ -->\n<title>Pol\u00edtica de cookies - Fiestas del Poble Espanyol<\/title>\n<meta name=\"robots\" content=\"noindex, follow\" \/>\n<meta property=\"og:locale\" content=\"ca_ES\" \/>\n<meta property=\"og:type\" content=\"article\" \/>\n<meta property=\"og:title\" content=\"Pol\u00edtica de cookies - Fiestas del Poble Espanyol\" \/>\n<meta property=\"og:url\" content=\"https:\/\/www.fiestapobleespanyol.com\/ca\/politica-de-cookies\/\" \/>\n<meta property=\"og:site_name\" content=\"Fiestas del Poble Espanyol\" \/>\n<meta property=\"article:modified_time\" content=\"2026-01-14T12:29:34+00:00\" \/>\n<meta name=\"twitter:card\" content=\"summary_large_image\" \/>\n<meta name=\"twitter:label1\" content=\"Temps estimat de lectura\" \/>\n\t<meta name=\"twitter:data1\" content=\"4 minuts\" \/>\n<script type=\"application\/ld+json\" class=\"yoast-schema-graph\">{\"@context\":\"https:\\\/\\\/schema.org\",\"@graph\":[{\"@type\":\"WebPage\",\"@id\":\"https:\\\/\\\/www.fiestapobleespanyol.com\\\/ca\\\/politica-de-cookies\\\/\",\"url\":\"https:\\\/\\\/www.fiestapobleespanyol.com\\\/ca\\\/politica-de-cookies\\\/\",\"name\":\"Pol\u00edtica de cookies - Fiestas del Poble Espanyol\",\"isPartOf\":{\"@id\":\"https:\\\/\\\/www.fiestapobleespanyol.com\\\/ca\\\/#website\"},\"datePublished\":\"2025-11-17T16:53:31+00:00\",\"dateModified\":\"2026-01-14T12:29:34+00:00\",\"breadcrumb\":{\"@id\":\"https:\\\/\\\/www.fiestapobleespanyol.com\\\/ca\\\/politica-de-cookies\\\/#breadcrumb\"},\"inLanguage\":\"ca\",\"potentialAction\":[{\"@type\":\"ReadAction\",\"target\":[\"https:\\\/\\\/www.fiestapobleespanyol.com\\\/ca\\\/politica-de-cookies\\\/\"]}]},{\"@type\":\"BreadcrumbList\",\"@id\":\"https:\\\/\\\/www.fiestapobleespanyol.com\\\/ca\\\/politica-de-cookies\\\/#breadcrumb\",\"itemListElement\":[{\"@type\":\"ListItem\",\"position\":1,\"name\":\"Portada\",\"item\":\"https:\\\/\\\/www.fiestapobleespanyol.com\\\/ca\\\/\"},{\"@type\":\"ListItem\",\"position\":2,\"name\":\"Pol\u00edtica de cookies\"}]},{\"@type\":\"WebSite\",\"@id\":\"https:\\\/\\\/www.fiestapobleespanyol.com\\\/ca\\\/#website\",\"url\":\"https:\\\/\\\/www.fiestapobleespanyol.com\\\/ca\\\/\",\"name\":\"Fiesta Fin de A\u00f1o del Poble Espanyol\",\"description\":\"Fiestas del Poble Espanyol\",\"publisher\":{\"@id\":\"https:\\\/\\\/www.fiestapobleespanyol.com\\\/ca\\\/#organization\"},\"potentialAction\":[{\"@type\":\"SearchAction\",\"target\":{\"@type\":\"EntryPoint\",\"urlTemplate\":\"https:\\\/\\\/www.fiestapobleespanyol.com\\\/ca\\\/?s={search_term_string}\"},\"query-input\":{\"@type\":\"PropertyValueSpecification\",\"valueRequired\":true,\"valueName\":\"search_term_string\"}}],\"inLanguage\":\"ca\"},{\"@type\":\"Organization\",\"@id\":\"https:\\\/\\\/www.fiestapobleespanyol.com\\\/ca\\\/#organization\",\"name\":\"Fiesta Fin de A\u00f1o del Poble Espanyol\",\"url\":\"https:\\\/\\\/www.fiestapobleespanyol.com\\\/ca\\\/\",\"logo\":{\"@type\":\"ImageObject\",\"inLanguage\":\"ca\",\"@id\":\"https:\\\/\\\/www.fiestapobleespanyol.com\\\/ca\\\/#\\\/schema\\\/logo\\\/image\\\/\",\"url\":\"https:\\\/\\\/www.fiestapobleespanyol.com\\\/wp-content\\\/uploads\\\/2024\\\/09\\\/fiesta-fin-de-ano-del-poble-espanyol-logo-e1725372860506.png\",\"contentUrl\":\"https:\\\/\\\/www.fiestapobleespanyol.com\\\/wp-content\\\/uploads\\\/2024\\\/09\\\/fiesta-fin-de-ano-del-poble-espanyol-logo-e1725372860506.png\",\"width\":258,\"height\":111,\"caption\":\"Fiesta Fin de A\u00f1o del Poble Espanyol\"},\"image\":{\"@id\":\"https:\\\/\\\/www.fiestapobleespanyol.com\\\/ca\\\/#\\\/schema\\\/logo\\\/image\\\/\"}}]}<\/script>\n<!-- \/ Yoast SEO plugin. -->","yoast_head_json":{"title":"Pol\u00edtica de cookies - Fiestas del Poble Espanyol","robots":{"index":"noindex","follow":"follow"},"og_locale":"ca_ES","og_type":"article","og_title":"Pol\u00edtica de cookies - Fiestas del Poble Espanyol","og_url":"https:\/\/www.fiestapobleespanyol.com\/ca\/politica-de-cookies\/","og_site_name":"Fiestas del Poble Espanyol","article_modified_time":"2026-01-14T12:29:34+00:00","twitter_card":"summary_large_image","twitter_misc":{"Temps estimat de lectura":"4 minuts"},"schema":{"@context":"https:\/\/schema.org","@graph":[{"@type":"WebPage","@id":"https:\/\/www.fiestapobleespanyol.com\/ca\/politica-de-cookies\/","url":"https:\/\/www.fiestapobleespanyol.com\/ca\/politica-de-cookies\/","name":"Pol\u00edtica de cookies - Fiestas del Poble Espanyol","isPartOf":{"@id":"https:\/\/www.fiestapobleespanyol.com\/ca\/#website"},"datePublished":"2025-11-17T16:53:31+00:00","dateModified":"2026-01-14T12:29:34+00:00","breadcrumb":{"@id":"https:\/\/www.fiestapobleespanyol.com\/ca\/politica-de-cookies\/#breadcrumb"},"inLanguage":"ca","potentialAction":[{"@type":"ReadAction","target":["https:\/\/www.fiestapobleespanyol.com\/ca\/politica-de-cookies\/"]}]},{"@type":"BreadcrumbList","@id":"https:\/\/www.fiestapobleespanyol.com\/ca\/politica-de-cookies\/#breadcrumb","itemListElement":[{"@type":"ListItem","position":1,"name":"Portada","item":"https:\/\/www.fiestapobleespanyol.com\/ca\/"},{"@type":"ListItem","position":2,"name":"Pol\u00edtica de cookies"}]},{"@type":"WebSite","@id":"https:\/\/www.fiestapobleespanyol.com\/ca\/#website","url":"https:\/\/www.fiestapobleespanyol.com\/ca\/","name":"Fiesta Fin de A\u00f1o del Poble Espanyol","description":"Fiestas del Poble Espanyol","publisher":{"@id":"https:\/\/www.fiestapobleespanyol.com\/ca\/#organization"},"potentialAction":[{"@type":"SearchAction","target":{"@type":"EntryPoint","urlTemplate":"https:\/\/www.fiestapobleespanyol.com\/ca\/?s={search_term_string}"},"query-input":{"@type":"PropertyValueSpecification","valueRequired":true,"valueName":"search_term_string"}}],"inLanguage":"ca"},{"@type":"Organization","@id":"https:\/\/www.fiestapobleespanyol.com\/ca\/#organization","name":"Fiesta Fin de A\u00f1o del Poble Espanyol","url":"https:\/\/www.fiestapobleespanyol.com\/ca\/","logo":{"@type":"ImageObject","inLanguage":"ca","@id":"https:\/\/www.fiestapobleespanyol.com\/ca\/#\/schema\/logo\/image\/","url":"https:\/\/www.fiestapobleespanyol.com\/wp-content\/uploads\/2024\/09\/fiesta-fin-de-ano-del-poble-espanyol-logo-e1725372860506.png","contentUrl":"https:\/\/www.fiestapobleespanyol.com\/wp-content\/uploads\/2024\/09\/fiesta-fin-de-ano-del-poble-espanyol-logo-e1725372860506.png","width":258,"height":111,"caption":"Fiesta Fin de A\u00f1o del Poble Espanyol"},"image":{"@id":"https:\/\/www.fiestapobleespanyol.com\/ca\/#\/schema\/logo\/image\/"}}]}},"_links":{"self":[{"href":"https:\/\/www.fiestapobleespanyol.com\/ca\/wp-json\/wp\/v2\/pages\/3378","targetHints":{"allow":["GET"]}}],"collection":[{"href":"https:\/\/www.fiestapobleespanyol.com\/ca\/wp-json\/wp\/v2\/pages"}],"about":[{"href":"https:\/\/www.fiestapobleespanyol.com\/ca\/wp-json\/wp\/v2\/types\/page"}],"author":[{"embeddable":true,"href":"https:\/\/www.fiestapobleespanyol.com\/ca\/wp-json\/wp\/v2\/users\/1"}],"replies":[{"embeddable":true,"href":"https:\/\/www.fiestapobleespanyol.com\/ca\/wp-json\/wp\/v2\/comments?post=3378"}],"version-history":[{"count":4,"href":"https:\/\/www.fiestapobleespanyol.com\/ca\/wp-json\/wp\/v2\/pages\/3378\/revisions"}],"predecessor-version":[{"id":3649,"href":"https:\/\/www.fiestapobleespanyol.com\/ca\/wp-json\/wp\/v2\/pages\/3378\/revisions\/3649"}],"wp:attachment":[{"href":"https:\/\/www.fiestapobleespanyol.com\/ca\/wp-json\/wp\/v2\/media?parent=3378"}],"curies":[{"name":"wp","href":"https:\/\/api.w.org\/{rel}","templated":true}]}}